{"id":101,"date":"2018-10-09T14:50:54","date_gmt":"2018-10-09T12:50:54","guid":{"rendered":"http:\/\/serwer1641940.home.pl\/4555971\/?page_id=101"},"modified":"2022-01-21T15:42:42","modified_gmt":"2022-01-21T14:42:42","slug":"ogrodzenia","status":"publish","type":"page","link":"https:\/\/altoma.pl\/en\/ogrodzenia\/","title":{"rendered":"Ogrodzenia"},"content":{"rendered":"<div id=\"pl-101\"  class=\"panel-layout\" ><div id=\"pg-101-0\"  class=\"panel-grid panel-has-style\" ><div class=\"panel-row-style panel-row-style-for-101-0\" ><div id=\"pgc-101-0-0\"  class=\"panel-grid-cell\" ><div id=\"panel-101-0-0-0\" class=\"so-panel widget widget_sow-editor panel-first-child panel-last-child\" data-index=\"0\" ><div\n\t\t\t\n\t\t\tclass=\"so-widget-sow-editor so-widget-sow-editor-base\"\n\t\t\t\n\t\t>\n<div class=\"siteorigin-widget-tinymce textwidget\">\n\t<h1>Ogrodzenia aluminiowe<\/h1>\n<p>Dostarczane przez nas materia\u0142y: profile, akcesoria, uszczelki umo\u017cliwiaj\u0105 wykonywanie ogrodze\u0144 aluminiowych w r\u00f3\u017cnorodnych wariantach. Konstrukcje prz\u0119se\u0142 mog\u0105 by\u0107 wykonywane w tradycyjnych ramach, jak i nowoczesnym wariancie bezramowym. Wype\u0142nienie stanowi\u0105 panele z prostok\u0105tnych kszta\u0142townik\u00f3w aluminiowych o wymiarach od 20 do 200 mm, zar\u00f3wno w uk\u0142adzie poziomym, jak i pionowym. Rozstaw poprzeczek jest dowolny i pozostaje w dyspozycji zamawiaj\u0105cego. Wielu z nas ceni intymno\u015b\u0107, dlatego mo\u017cliwe jest wykonywanie konstrukcji z wype\u0142nieniem pe\u0142nym zapewniaj\u0105cym ochron\u0119 przed niepo\u017c\u0105danym wzrokiem.<\/p>\n<p>Paleta konstrukcji obejmuje panele ogrodzeniowe, furtki, bramy rozwierane oraz bramy przesuwne w ca\u0142o\u015bci wykonane z aluminium. Uzupe\u0142nienie stanowi\u0105 s\u0142upki przeznaczone do zabetonowania lub przykr\u0119cenia poprzez specjaln\u0105 stop\u0119 do przygotowanego wcze\u015bniej fundamentu. System pozwala tak\u017ce na konstruowanie architektury ogrodowej - wiat, altan, zabud\u00f3w \u015bmietnik\u00f3w oraz carport\u00f3w. Poniewa\u017c cz\u0119sto to detal decyduje o jako\u015bci produktu, nie zapominamy o akcesoriach monta\u017cowych, kt\u00f3re wykonujemy z aluminium b\u0105d\u017a ze stali nierdzewnej.<\/p>\n<p>System \u0142\u0105czenia profili pozwala na malowanie materia\u0142\u00f3w w pe\u0142nych d\u0142ugo\u015bciach handlowych, a nast\u0119pnie fabrykacj\u0119 konstrukcji metod\u0105 po\u0142\u0105cze\u0144 skr\u0119canych. Tym sposobem wyeliminowali\u015bmy konieczno\u015b\u0107 spawania aluminium. Materia\u0142y dost\u0119pne s\u0105 w wyko\u0144czeniu obejmuj\u0105cym lakierowanie w palecie RAL, kolorach drewnopodobnych oraz anodowanie.<br \/>\nAby u\u0142atwi\u0107 naszym klientom prac\u0119 w systemie ALTOMA udost\u0119pniamy im oprogramowanie pozwalaj\u0105ce projektowa\u0107 konstrukcje ogrodze\u0144 - program \"Licz Okno\" firmy Fikabo. Umo\u017cliwia on przygotowywanie ofert dla klient\u00f3w, zam\u00f3wie\u0144 materia\u0142owych oraz dokumentacji produkcyjnej wraz z dok\u0142adnymi rysunkami pojedynczych konstrukcji lub ca\u0142ych ci\u0105g\u00f3w ogrodzeniowych.<\/p>\n<p>Wysok\u0105 kultur\u0119 technologiczn\u0105 zapewnia multiprasa systemowa wspomagaj\u0105ca obr\u00f3bk\u0119 profili.<\/p>\n<div id='gallery-1' class='gallery galleryid-101 gallery-columns-4 gallery-size-thumbnail'><figure class='gallery-item'>\n\t\t\t<div class='gallery-icon landscape'>\n\t\t\t\t<a href='https:\/\/altoma.pl\/wp-content\/uploads\/2019\/01\/Ogodzenia-1.jpg'><img loading=\"lazy\" decoding=\"async\" width=\"220\" height=\"160\" src=\"https:\/\/altoma.pl\/wp-content\/uploads\/2019\/01\/Ogodzenia-1-220x160.jpg\" class=\"attachment-thumbnail size-thumbnail\" alt=\"\" aria-describedby=\"gallery-1-392\" \/><\/a>\n\t\t\t<\/div>\n\t\t\t\t<figcaption class='wp-caption-text gallery-caption' id='gallery-1-392'>\n\t\t\t\tPrz\u0119s\u0142o aluminiowe\n\t\t\t\t<\/figcaption><\/figure><figure class='gallery-item'>\n\t\t\t<div class='gallery-icon portrait'>\n\t\t\t\t<a href='https:\/\/altoma.pl\/wp-content\/uploads\/2019\/01\/Z\u0142o\u017cenie-przes\u0142a-ogrodzeniowego.jpg'><img loading=\"lazy\" decoding=\"async\" width=\"220\" height=\"160\" src=\"https:\/\/altoma.pl\/wp-content\/uploads\/2019\/01\/Z\u0142o\u017cenie-przes\u0142a-ogrodzeniowego-220x160.jpg\" class=\"attachment-thumbnail size-thumbnail\" alt=\"\" aria-describedby=\"gallery-1-395\" \/><\/a>\n\t\t\t<\/div>\n\t\t\t\t<figcaption class='wp-caption-text gallery-caption' id='gallery-1-395'>\n\t\t\t\tZ\u0142o\u017cenie prz\u0119s\u0142a\n\t\t\t\t<\/figcaption><\/figure><figure class='gallery-item'>\n\t\t\t<div class='gallery-icon landscape'>\n\t\t\t\t<a href='https:\/\/altoma.pl\/wp-content\/uploads\/2019\/01\/lamela-sta\u0142_szary-1.jpg'><img loading=\"lazy\" decoding=\"async\" width=\"220\" height=\"160\" src=\"https:\/\/altoma.pl\/wp-content\/uploads\/2019\/01\/lamela-sta\u0142_szary-1-220x160.jpg\" class=\"attachment-thumbnail size-thumbnail\" alt=\"\" aria-describedby=\"gallery-1-394\" \/><\/a>\n\t\t\t<\/div>\n\t\t\t\t<figcaption class='wp-caption-text gallery-caption' id='gallery-1-394'>\n\t\t\t\tPrz\u0119s\u0142o lamelowe\n\t\t\t\t<\/figcaption><\/figure><figure class='gallery-item'>\n\t\t\t<div class='gallery-icon landscape'>\n\t\t\t\t<a href='https:\/\/altoma.pl\/wp-content\/uploads\/2018\/10\/przekr_1-1.jpg'><img loading=\"lazy\" decoding=\"async\" width=\"220\" height=\"160\" src=\"https:\/\/altoma.pl\/wp-content\/uploads\/2018\/10\/przekr_1-1-220x160.jpg\" class=\"attachment-thumbnail size-thumbnail\" alt=\"\" aria-describedby=\"gallery-1-192\" \/><\/a>\n\t\t\t<\/div>\n\t\t\t\t<figcaption class='wp-caption-text gallery-caption' id='gallery-1-192'>\n\t\t\t\tZ\u0142o\u017cenie lameli\n\t\t\t\t<\/figcaption><\/figure><figure class='gallery-item'>\n\t\t\t<div class='gallery-icon landscape'>\n\t\t\t\t<a href='https:\/\/altoma.pl\/wp-content\/uploads\/2018\/10\/przeslo1.jpg'><img loading=\"lazy\" decoding=\"async\" width=\"220\" height=\"160\" src=\"https:\/\/altoma.pl\/wp-content\/uploads\/2018\/10\/przeslo1-220x160.jpg\" class=\"attachment-thumbnail size-thumbnail\" alt=\"\" aria-describedby=\"gallery-1-194\" \/><\/a>\n\t\t\t<\/div>\n\t\t\t\t<figcaption class='wp-caption-text gallery-caption' id='gallery-1-194'>\n\t\t\t\tPrz\u0119s\u0142o panele pionowe\n\t\t\t\t<\/figcaption><\/figure><figure class='gallery-item'>\n\t\t\t<div class='gallery-icon landscape'>\n\t\t\t\t<a href='https:\/\/altoma.pl\/wp-content\/uploads\/2019\/01\/Przes\u0142o-bezramowe-panel-200mm.jpg'><img loading=\"lazy\" decoding=\"async\" width=\"220\" height=\"160\" src=\"https:\/\/altoma.pl\/wp-content\/uploads\/2019\/01\/Przes\u0142o-bezramowe-panel-200mm-220x160.jpg\" class=\"attachment-thumbnail size-thumbnail\" alt=\"\" aria-describedby=\"gallery-1-396\" \/><\/a>\n\t\t\t<\/div>\n\t\t\t\t<figcaption class='wp-caption-text gallery-caption' id='gallery-1-396'>\n\t\t\t\tPrz\u0119s\u0142o bezramowe panel 200mm\n\t\t\t\t<\/figcaption><\/figure><figure class='gallery-item'>\n\t\t\t<div class='gallery-icon landscape'>\n\t\t\t\t<a href='https:\/\/altoma.pl\/wp-content\/uploads\/2019\/01\/Szyna-bramy-przesuwnej.jpg'><img loading=\"lazy\" decoding=\"async\" width=\"220\" height=\"160\" src=\"https:\/\/altoma.pl\/wp-content\/uploads\/2019\/01\/Szyna-bramy-przesuwnej-220x160.jpg\" class=\"attachment-thumbnail size-thumbnail\" alt=\"\" aria-describedby=\"gallery-1-397\" \/><\/a>\n\t\t\t<\/div>\n\t\t\t\t<figcaption class='wp-caption-text gallery-caption' id='gallery-1-397'>\n\t\t\t\tSzyna bramy przesuwnej\n\t\t\t\t<\/figcaption><\/figure><figure class='gallery-item'>\n\t\t\t<div class='gallery-icon landscape'>\n\t\t\t\t<a href='https:\/\/altoma.pl\/wp-content\/uploads\/2018\/10\/Ogrodzenie1.jpg'><img loading=\"lazy\" decoding=\"async\" width=\"220\" height=\"160\" src=\"https:\/\/altoma.pl\/wp-content\/uploads\/2018\/10\/Ogrodzenie1-220x160.jpg\" class=\"attachment-thumbnail size-thumbnail\" alt=\"\" aria-describedby=\"gallery-1-198\" \/><\/a>\n\t\t\t<\/div>\n\t\t\t\t<figcaption class='wp-caption-text gallery-caption' id='gallery-1-198'>\n\t\t\t\tBrama i furtka &#8211; panel pe\u0142ny, a\u017cur\n\t\t\t\t<\/figcaption><\/figure>\n\t\t<\/div>\n\n<\/div>\n<\/div><\/div><\/div><div id=\"pgc-101-0-1\"  class=\"panel-grid-cell\" ><div id=\"panel-101-0-1-0\" class=\"so-panel widget widget_sow-image panel-first-child\" data-index=\"1\" ><div\n\t\t\t\n\t\t\tclass=\"so-widget-sow-image so-widget-sow-image-default-8b5b6f678277-101\"\n\t\t\t\n\t\t>\n<div class=\"sow-image-container\">\n\t\t<img loading=\"lazy\" decoding=\"async\" src=\"https:\/\/altoma.pl\/wp-content\/uploads\/2018\/11\/Prz\u0119s\u0142a-aluminiowe-ogrodzenie-Warszawa.jpg\" width=\"1890\" height=\"786\" srcset=\"https:\/\/altoma.pl\/wp-content\/uploads\/2018\/11\/Prz\u0119s\u0142a-aluminiowe-ogrodzenie-Warszawa.jpg 1890w, https:\/\/altoma.pl\/wp-content\/uploads\/2018\/11\/Prz\u0119s\u0142a-aluminiowe-ogrodzenie-Warszawa-300x125.jpg 300w, https:\/\/altoma.pl\/wp-content\/uploads\/2018\/11\/Prz\u0119s\u0142a-aluminiowe-ogrodzenie-Warszawa-768x319.jpg 768w, https:\/\/altoma.pl\/wp-content\/uploads\/2018\/11\/Prz\u0119s\u0142a-aluminiowe-ogrodzenie-Warszawa-1024x426.jpg 1024w\" sizes=\"auto, (max-width: 1890px) 100vw, 1890px\" title=\"Ogrodzenie typu VARIO z dowoln\u0105 konfiguracj\u0105 profili i odst\u0119p\u00f3w pomi\u0119dzy nimi. Produkt klasy premium dla wymagaj\u0105cych klient\u00f3w.\" alt=\"Pi\u0119kne ogrodzenie\" \t\tclass=\"so-widget-image\"\/>\n\t<\/div>\n\n<\/div><\/div><div id=\"panel-101-0-1-1\" class=\"so-panel widget widget_sow-image\" data-index=\"2\" ><div\n\t\t\t\n\t\t\tclass=\"so-widget-sow-image so-widget-sow-image-default-8b5b6f678277-101\"\n\t\t\t\n\t\t>\n<div class=\"sow-image-container\">\n\t\t<img loading=\"lazy\" decoding=\"async\" src=\"https:\/\/altoma.pl\/wp-content\/uploads\/2018\/10\/Ogrodzenie-bezramowe-aluminium-s\u0142upki-panel-150mm-1.jpg\" width=\"875\" height=\"650\" srcset=\"https:\/\/altoma.pl\/wp-content\/uploads\/2018\/10\/Ogrodzenie-bezramowe-aluminium-s\u0142upki-panel-150mm-1.jpg 875w, https:\/\/altoma.pl\/wp-content\/uploads\/2018\/10\/Ogrodzenie-bezramowe-aluminium-s\u0142upki-panel-150mm-1-300x223.jpg 300w, https:\/\/altoma.pl\/wp-content\/uploads\/2018\/10\/Ogrodzenie-bezramowe-aluminium-s\u0142upki-panel-150mm-1-768x571.jpg 768w\" sizes=\"auto, (max-width: 875px) 100vw, 875px\" title=\"Prz\u0119s\u0142a aluminiowe bezramowe, profil 150mm\" alt=\"Galeria\" \t\tclass=\"so-widget-image\"\/>\n\t<\/div>\n\n<\/div><\/div><div id=\"panel-101-0-1-2\" class=\"so-panel widget widget_sow-image\" data-index=\"3\" ><div\n\t\t\t\n\t\t\tclass=\"so-widget-sow-image so-widget-sow-image-default-8b5b6f678277-101\"\n\t\t\t\n\t\t>\n<div class=\"sow-image-container\">\n\t\t<img loading=\"lazy\" decoding=\"async\" src=\"https:\/\/altoma.pl\/wp-content\/uploads\/2018\/10\/22-1.jpeg\" width=\"512\" height=\"288\" srcset=\"https:\/\/altoma.pl\/wp-content\/uploads\/2018\/10\/22-1.jpeg 512w, https:\/\/altoma.pl\/wp-content\/uploads\/2018\/10\/22-1-300x169.jpeg 300w\" sizes=\"auto, (max-width: 512px) 100vw, 512px\" title=\"22\" alt=\"\" \t\tclass=\"so-widget-image\"\/>\n\t<\/div>\n\n<\/div><\/div><div id=\"panel-101-0-1-3\" class=\"so-panel widget widget_sow-image panel-last-child\" data-index=\"4\" ><div\n\t\t\t\n\t\t\tclass=\"so-widget-sow-image so-widget-sow-image-default-8b5b6f678277-101\"\n\t\t\t\n\t\t>\n<div class=\"sow-image-container\">\n\t\t<img loading=\"lazy\" decoding=\"async\" src=\"https:\/\/altoma.pl\/wp-content\/uploads\/2018\/11\/20180801_203139.jpg\" width=\"4128\" height=\"3096\" srcset=\"https:\/\/altoma.pl\/wp-content\/uploads\/2018\/11\/20180801_203139.jpg 4128w, https:\/\/altoma.pl\/wp-content\/uploads\/2018\/11\/20180801_203139-300x225.jpg 300w, https:\/\/altoma.pl\/wp-content\/uploads\/2018\/11\/20180801_203139-768x576.jpg 768w, https:\/\/altoma.pl\/wp-content\/uploads\/2018\/11\/20180801_203139-1024x768.jpg 1024w\" sizes=\"auto, (max-width: 4128px) 100vw, 4128px\" title=\"Aluminiowa brama przesuwna, profil 200mm\" alt=\"Galeria\" \t\tclass=\"so-widget-image\"\/>\n\t<\/div>\n\n<\/div><\/div><\/div><\/div><\/div><\/div>","protected":false},"excerpt":{"rendered":"<p>Ogrodzenia aluminiowe Dostarczane przez nas materia\u0142y: profile, akcesoria, uszczelki umo\u017cliwiaj\u0105 wykonywanie ogrodze\u0144 aluminiowych w r\u00f3\u017cnorodnych wariantach. Konstrukcje prz\u0119se\u0142 mog\u0105 by\u0107 wykonywane w tradycyjnych ramach, jak i nowoczesnym wariancie bezramowym. Wype\u0142nienie stanowi\u0105 panele z prostok\u0105tnych kszta\u0142townik\u00f3w aluminiowych o wymiarach od 20<\/p>\n","protected":false},"author":1,"featured_media":0,"parent":0,"menu_order":0,"comment_status":"closed","ping_status":"closed","template":"","meta":{"footnotes":""},"class_list":["post-101","page","type-page","status-publish","hentry"],"_links":{"self":[{"href":"https:\/\/altoma.pl\/en\/wp-json\/wp\/v2\/pages\/101","targetHints":{"allow":["GET"]}}],"collection":[{"href":"https:\/\/altoma.pl\/en\/wp-json\/wp\/v2\/pages"}],"about":[{"href":"https:\/\/altoma.pl\/en\/wp-json\/wp\/v2\/types\/page"}],"author":[{"embeddable":true,"href":"https:\/\/altoma.pl\/en\/wp-json\/wp\/v2\/users\/1"}],"replies":[{"embeddable":true,"href":"https:\/\/altoma.pl\/en\/wp-json\/wp\/v2\/comments?post=101"}],"version-history":[{"count":19,"href":"https:\/\/altoma.pl\/en\/wp-json\/wp\/v2\/pages\/101\/revisions"}],"predecessor-version":[{"id":1241,"href":"https:\/\/altoma.pl\/en\/wp-json\/wp\/v2\/pages\/101\/revisions\/1241"}],"wp:attachment":[{"href":"https:\/\/altoma.pl\/en\/wp-json\/wp\/v2\/media?parent=101"}],"curies":[{"name":"wp","href":"https:\/\/api.w.org\/{rel}","templated":true}]}}