{"id":1210,"date":"2022-01-17T15:28:56","date_gmt":"2022-01-17T14:28:56","guid":{"rendered":"https:\/\/altoma.pl\/?page_id=1210"},"modified":"2025-05-07T12:28:14","modified_gmt":"2025-05-07T10:28:14","slug":"przegrody-balkonowe-2","status":"publish","type":"page","link":"https:\/\/altoma.pl\/en\/przegrody-balkonowe-2\/","title":{"rendered":"Przegrody balkonowe"},"content":{"rendered":"<div id=\"pl-1210\"  class=\"panel-layout\" ><div id=\"pg-1210-0\"  class=\"panel-grid panel-no-style\" ><div id=\"pgc-1210-0-0\"  class=\"panel-grid-cell\" ><div id=\"panel-1210-0-0-0\" class=\"so-panel widget widget_sow-editor panel-first-child panel-last-child\" data-index=\"0\" ><div\n\t\t\t\n\t\t\tclass=\"so-widget-sow-editor so-widget-sow-editor-base\"\n\t\t\t\n\t\t>\n<div class=\"siteorigin-widget-tinymce textwidget\">\n\t<h1 style=\"text-align: center;\">Przegrody balkonowe<\/h1>\n<p align=\"center\"><span style=\"color: #000000;\"><span style=\"font-family: Roboto, sans-serif;\"><span style=\"font-size: medium;\">W nowoczesnej architekturze du\u017ce znaczenie ma wygl\u0105d, estetyka budynku jak r\u00f3wnie\u017c komfort mieszka\u0144c\u00f3w. W obu tych sferach wa\u017cn\u0105 rol\u0119 odgrywaj\u0105 zewn\u0119trzne przegrody balkonowe b\u0105d\u017a elewacyjne. W tym zakresie mamy wiele do zaproponowania <\/span><\/span><\/span><\/p>\n<p align=\"center\"><span style=\"color: #000000;\"><span style=\"font-family: Roboto, sans-serif;\"><span style=\"font-size: medium;\">Oferowane przez\u00a0nas systemy umo\u017cliwiaj\u0105 wykonywanie r\u00f3\u017cnorodnych przegr\u00f3d tarasowych i balkonowych maj\u0105cych zastosowanie zar\u00f3wno w budownictwie indywidualnym jak i du\u017cych realizacjach deweloperskich. Przegrody te mog\u0105 mie\u0107 charakter g\u0119sto zabudowanych os\u0142on chroni\u0105cych nasz\u0105 prywatno\u015b\u0107 oraz zapewniaj\u0105cych ochron\u0119 przed s\u0142o\u0144cem lub delikatnych, a\u017curowych element\u00f3w nadaj\u0105cych elewacji budynku walor dekoracyjny.<\/span><\/span><\/span><\/p>\n<p align=\"center\"><span style=\"color: #000000;\"><span style=\"font-family: Roboto, sans-serif;\"><span style=\"font-size: medium;\">Mo\u017cliwo\u015bci w obszarze wype\u0142nie\u0144 przes\u0142on obejmuj\u0105 szeroki zakres. Mog\u0105 to by\u0107 rozwi\u0105zania typu okiennicowego \u2013 lamele owalne sta\u0142e lub ruchome. Te drugie, obracane wzd\u0142u\u017c w\u0142asnej osi, pozwalaj\u0105 na swobodne kszta\u0142towanie stopnia zacienienia i os\u0142ony przed wiatrem. Z kolei estetyczne, pe\u0142ne atrapy lameli zapewniaj\u0105 ca\u0142kowit\u0105 nieprzezierno\u015b\u0107 przes\u0142ony. Korzysta\u0107 mo\u017cna tak\u017ce z du\u017cej palety wype\u0142nie\u0144 typu deskowego o r\u00f3\u017cnych wymiarach i w dowolnym podziale, jak r\u00f3wnie\u017c ze specjalistycznych \u0142at uko\u015bnych oraz niezwykle popularnej w\u015br\u00f3d naszych klient\u00f3w lameli uko\u015bnej. Ta ostatnia tak\u017ce daje mo\u017cliwo\u015b\u0107 dowolnego kszta\u0142towania szczelin pomi\u0119dzy profilami poziomymi, a tym samym tworzenie przegr\u00f3d o mniejszym lub wi\u0119kszym stopniu przezierno\u015bci. Uzupe\u0142nieniem oferty jest, stosowana cz\u0119sto w rozwi\u0105zaniach przemys\u0142owych \u2013 os\u0142onach klimatyzator\u00f3w czy stacji wentylacyjnych \u2013 lamela typu \u201eZ\u201d. Nasze profile umo\u017cliwiaj\u0105 tak\u017ce monta\u017c w nich wype\u0142nie\u0144 szklanych, p\u0142yt typu alucobond lub blach.<\/span><\/span><\/span><\/p>\n<p align=\"center\"><span style=\"color: #000000;\"><span style=\"font-family: Roboto, sans-serif;\"><span style=\"font-size: medium;\">U\u017cytkowe walory os\u0142on mo\u017cna zwi\u0119kszy\u0107 korzystaj\u0105c z system\u00f3w ruchomych ca\u0142ych przegr\u00f3d - przesuwnych lub rozwieranych. <\/span><\/span><\/span><\/p>\n<p align=\"center\"><span style=\"color: #000000;\"><span style=\"font-family: Roboto, sans-serif;\"><span style=\"font-size: medium;\">Nasza technologia przewiduje\u00a0malowanie materia\u0142\u00f3w w\u00a0pe\u0142nych d\u0142ugo\u015bciach handlowych, a\u00a0nast\u0119pnie fabrykacj\u0119 konstrukcji metod\u0105 po\u0142\u0105cze\u0144 skr\u0119canych. Materia\u0142y dost\u0119pne s\u0105 w\u00a0wyko\u0144czeniu obejmuj\u0105cym lakierowanie w\u00a0palecie RAL, kolorach drewnopodobnych oraz\u00a0anodowanie.<br \/>\nAby u\u0142atwi\u0107 naszym klientom prac\u0119 w\u00a0systemie ALTOMA udost\u0119pniamy im oprogramowanie pozwalaj\u0105ce projektowa\u0107 konstrukcje ogrodze\u0144 - program \"Licz Okno\" firmy Fikabo. Umo\u017cliwia on przygotowywanie ofert dla klient\u00f3w, zam\u00f3wie\u0144 materia\u0142owych oraz\u00a0dokumentacji produkcyjnej wraz z\u00a0dok\u0142adnymi rysunkami pojedynczych konstrukcji lub ca\u0142ych ci\u0105g\u00f3w ogrodzeniowych.<\/span><\/span><\/span><\/p>\n<p align=\"center\"><span style=\"color: #000000;\"><span style=\"font-family: Roboto, sans-serif;\"><span style=\"font-size: medium;\">Wysok\u0105 kultur\u0119 technologiczn\u0105 zapewnia multiprasa systemowa wspomagaj\u0105ca obr\u00f3bk\u0119 profili.<\/span><\/span><\/span><\/p>\n<p align=\"center\"><span style=\"color: #000000;\"><span style=\"font-family: Roboto, sans-serif;\"><span style=\"font-size: medium;\">Szeroki zakres rozwi\u0105za\u0144 dost\u0119pnych w naszych systemach oraz du\u017ca paleta kolor\u00f3w i mo\u017cliwo\u015bci konstrukcyjnych pozwala zaoferowa\u0107 klientowi produkt odpowiedni do jego oczekiwa\u0144.<\/span><\/span><\/span><\/p>\n<p align=\"center\">\n<\/div>\n<\/div><\/div><\/div><div id=\"pgc-1210-0-1\"  class=\"panel-grid-cell\" ><div id=\"panel-1210-0-1-0\" class=\"so-panel widget widget_sow-editor panel-first-child panel-last-child\" data-index=\"1\" ><div\n\t\t\t\n\t\t\tclass=\"so-widget-sow-editor so-widget-sow-editor-base\"\n\t\t\t\n\t\t>\n<div class=\"siteorigin-widget-tinymce textwidget\">\n\t<div id='gallery-1' class='gallery galleryid-1210 gallery-columns-1 gallery-size-medium'><figure class='gallery-item'>\n\t\t\t<div class='gallery-icon landscape'>\n\t\t\t\t<a href='https:\/\/altoma.pl\/wp-content\/uploads\/20241227_143941_resized.jpg'><img loading=\"lazy\" decoding=\"async\" width=\"300\" height=\"225\" src=\"https:\/\/altoma.pl\/wp-content\/uploads\/20241227_143941_resized-300x225.jpg\" class=\"attachment-medium size-medium\" alt=\"\" aria-describedby=\"gallery-1-1694\" srcset=\"https:\/\/altoma.pl\/wp-content\/uploads\/20241227_143941_resized-300x225.jpg 300w, https:\/\/altoma.pl\/wp-content\/uploads\/20241227_143941_resized-1024x768.jpg 1024w, https:\/\/altoma.pl\/wp-content\/uploads\/20241227_143941_resized-768x576.jpg 768w, https:\/\/altoma.pl\/wp-content\/uploads\/20241227_143941_resized-1536x1152.jpg 1536w, https:\/\/altoma.pl\/wp-content\/uploads\/20241227_143941_resized.jpg 2000w\" sizes=\"auto, (max-width: 300px) 100vw, 300px\" \/><\/a>\n\t\t\t<\/div>\n\t\t\t\t<figcaption class='wp-caption-text gallery-caption' id='gallery-1-1694'>\n\t\t\t\tPrzegroda balkonowa &#8211; drewnopodobna\n\t\t\t\t<\/figcaption><\/figure><figure class='gallery-item'>\n\t\t\t<div class='gallery-icon landscape'>\n\t\t\t\t<a href='https:\/\/altoma.pl\/wp-content\/uploads\/2022\/01\/IMG_5892.jpg'><img loading=\"lazy\" decoding=\"async\" width=\"300\" height=\"225\" src=\"https:\/\/altoma.pl\/wp-content\/uploads\/2022\/01\/IMG_5892-300x225.jpg\" class=\"attachment-medium size-medium\" alt=\"\" aria-describedby=\"gallery-1-1248\" srcset=\"https:\/\/altoma.pl\/wp-content\/uploads\/2022\/01\/IMG_5892-300x225.jpg 300w, https:\/\/altoma.pl\/wp-content\/uploads\/2022\/01\/IMG_5892-768x576.jpg 768w, https:\/\/altoma.pl\/wp-content\/uploads\/2022\/01\/IMG_5892-1024x768.jpg 1024w, https:\/\/altoma.pl\/wp-content\/uploads\/2022\/01\/IMG_5892.jpg 2016w\" sizes=\"auto, (max-width: 300px) 100vw, 300px\" \/><\/a>\n\t\t\t<\/div>\n\t\t\t\t<figcaption class='wp-caption-text gallery-caption' id='gallery-1-1248'>\n\t\t\t\tK\u0105ty Rybackie &#8211; Lamelowa przegroda balkonowa\n\t\t\t\t<\/figcaption><\/figure><figure class='gallery-item'>\n\t\t\t<div class='gallery-icon portrait'>\n\t\t\t\t<a href='https:\/\/altoma.pl\/wp-content\/uploads\/2022\/12\/IMG-20221107-WA0002.jpg'><img loading=\"lazy\" decoding=\"async\" width=\"135\" height=\"300\" src=\"https:\/\/altoma.pl\/wp-content\/uploads\/2022\/12\/IMG-20221107-WA0002-135x300.jpg\" class=\"attachment-medium size-medium\" alt=\"Przegrody tarasowe\" aria-describedby=\"gallery-1-1360\" srcset=\"https:\/\/altoma.pl\/wp-content\/uploads\/2022\/12\/IMG-20221107-WA0002-135x300.jpg 135w, https:\/\/altoma.pl\/wp-content\/uploads\/2022\/12\/IMG-20221107-WA0002-460x1024.jpg 460w, https:\/\/altoma.pl\/wp-content\/uploads\/2022\/12\/IMG-20221107-WA0002.jpg 719w\" sizes=\"auto, (max-width: 135px) 100vw, 135px\" \/><\/a>\n\t\t\t<\/div>\n\t\t\t\t<figcaption class='wp-caption-text gallery-caption' id='gallery-1-1360'>\n\t\t\t\tBalkonowa przegroda aluminiowa &#8211; profil TS92\n\t\t\t\t<\/figcaption><\/figure><figure class='gallery-item'>\n\t\t\t<div class='gallery-icon portrait'>\n\t\t\t\t<a href='https:\/\/altoma.pl\/wp-content\/uploads\/2021\/12\/20211202_112135-min.jpg'><img loading=\"lazy\" decoding=\"async\" width=\"225\" height=\"300\" src=\"https:\/\/altoma.pl\/wp-content\/uploads\/2021\/12\/20211202_112135-min-225x300.jpg\" class=\"attachment-medium size-medium\" alt=\"Przegrody tarasowe\" aria-describedby=\"gallery-1-1145\" srcset=\"https:\/\/altoma.pl\/wp-content\/uploads\/2021\/12\/20211202_112135-min-225x300.jpg 225w, https:\/\/altoma.pl\/wp-content\/uploads\/2021\/12\/20211202_112135-min-768x1024.jpg 768w\" sizes=\"auto, (max-width: 225px) 100vw, 225px\" \/><\/a>\n\t\t\t<\/div>\n\t\t\t\t<figcaption class='wp-caption-text gallery-caption' id='gallery-1-1145'>\n\t\t\t\tAluminiowe przegrody balkonowe\n\t\t\t\t<\/figcaption><\/figure>\n\t\t<\/div>\n\n<\/div>\n<\/div><\/div><\/div><\/div><div id=\"pg-1210-1\"  class=\"panel-grid panel-no-style\" ><div id=\"pgc-1210-1-0\"  class=\"panel-grid-cell\" ><div id=\"panel-1210-1-0-0\" class=\"so-panel widget widget_sow-editor panel-first-child panel-last-child\" data-index=\"2\" ><div\n\t\t\t\n\t\t\tclass=\"so-widget-sow-editor so-widget-sow-editor-base\"\n\t\t\t\n\t\t>\n<div class=\"siteorigin-widget-tinymce textwidget\">\n\t<div id='gallery-2' class='gallery galleryid-1210 gallery-columns-5 gallery-size-thumbnail'><figure class='gallery-item'>\n\t\t\t<div class='gallery-icon portrait'>\n\t\t\t\t<a href='https:\/\/altoma.pl\/wp-content\/uploads\/2021\/12\/20211202_134211-min.jpg'><img loading=\"lazy\" decoding=\"async\" width=\"220\" height=\"160\" src=\"https:\/\/altoma.pl\/wp-content\/uploads\/2021\/12\/20211202_134211-min-220x160.jpg\" class=\"attachment-thumbnail size-thumbnail\" alt=\"Przegrody aluminiowe\" aria-describedby=\"gallery-2-1148\" \/><\/a>\n\t\t\t<\/div>\n\t\t\t\t<figcaption class='wp-caption-text gallery-caption' id='gallery-2-1148'>\n\t\t\t\tPrzegrody aluminiowe\n\t\t\t\t<\/figcaption><\/figure><figure class='gallery-item'>\n\t\t\t<div class='gallery-icon landscape'>\n\t\t\t\t<a href='https:\/\/altoma.pl\/wp-content\/uploads\/2021\/12\/20211202_105014-min.jpg'><img loading=\"lazy\" decoding=\"async\" width=\"220\" height=\"160\" src=\"https:\/\/altoma.pl\/wp-content\/uploads\/2021\/12\/20211202_105014-min-220x160.jpg\" class=\"attachment-thumbnail size-thumbnail\" alt=\"\" aria-describedby=\"gallery-2-1141\" \/><\/a>\n\t\t\t<\/div>\n\t\t\t\t<figcaption class='wp-caption-text gallery-caption' id='gallery-2-1141'>\n\t\t\t\tAluminiowe przegrody balkonowe\n\t\t\t\t<\/figcaption><\/figure><figure class='gallery-item'>\n\t\t\t<div class='gallery-icon landscape'>\n\t\t\t\t<a href='https:\/\/altoma.pl\/wp-content\/uploads\/2020\/02\/Przegrody-alucobond.jpg'><img loading=\"lazy\" decoding=\"async\" width=\"220\" height=\"160\" src=\"https:\/\/altoma.pl\/wp-content\/uploads\/2020\/02\/Przegrody-alucobond-220x160.jpg\" class=\"attachment-thumbnail size-thumbnail\" alt=\"\" \/><\/a>\n\t\t\t<\/div><\/figure><figure class='gallery-item'>\n\t\t\t<div class='gallery-icon landscape'>\n\t\t\t\t<a href='https:\/\/altoma.pl\/wp-content\/uploads\/2022\/01\/IMG_5890.jpg'><img loading=\"lazy\" decoding=\"async\" width=\"220\" height=\"160\" src=\"https:\/\/altoma.pl\/wp-content\/uploads\/2022\/01\/IMG_5890-220x160.jpg\" class=\"attachment-thumbnail size-thumbnail\" alt=\"Aluminium drewnopodobne\" aria-describedby=\"gallery-2-1246\" \/><\/a>\n\t\t\t<\/div>\n\t\t\t\t<figcaption class='wp-caption-text gallery-caption' id='gallery-2-1246'>\n\t\t\t\tLamelowa przegroda balkonowa\n\t\t\t\t<\/figcaption><\/figure><figure class='gallery-item'>\n\t\t\t<div class='gallery-icon portrait'>\n\t\t\t\t<a href='https:\/\/altoma.pl\/wp-content\/uploads\/2022\/01\/Przechwytywanie.jpg'><img loading=\"lazy\" decoding=\"async\" width=\"220\" height=\"160\" src=\"https:\/\/altoma.pl\/wp-content\/uploads\/2022\/01\/Przechwytywanie-220x160.jpg\" class=\"attachment-thumbnail size-thumbnail\" alt=\"\" \/><\/a>\n\t\t\t<\/div><\/figure>\n\t\t<\/div>\n\n<\/div>\n<\/div><\/div><\/div><\/div><\/div>","protected":false},"excerpt":{"rendered":"<p>Przegrody balkonowe W nowoczesnej architekturze du\u017ce znaczenie ma wygl\u0105d, estetyka budynku jak r\u00f3wnie\u017c komfort mieszka\u0144c\u00f3w. W obu tych sferach wa\u017cn\u0105 rol\u0119 odgrywaj\u0105 zewn\u0119trzne przegrody balkonowe b\u0105d\u017a elewacyjne. W tym zakresie mamy wiele do zaproponowania Oferowane przez\u00a0nas systemy umo\u017cliwiaj\u0105 wykonywanie r\u00f3\u017cnorodnych<\/p>\n","protected":false},"author":2,"featured_media":0,"parent":0,"menu_order":0,"comment_status":"closed","ping_status":"closed","template":"","meta":{"footnotes":""},"class_list":["post-1210","page","type-page","status-publish","hentry"],"_links":{"self":[{"href":"https:\/\/altoma.pl\/en\/wp-json\/wp\/v2\/pages\/1210","targetHints":{"allow":["GET"]}}],"collection":[{"href":"https:\/\/altoma.pl\/en\/wp-json\/wp\/v2\/pages"}],"about":[{"href":"https:\/\/altoma.pl\/en\/wp-json\/wp\/v2\/types\/page"}],"author":[{"embeddable":true,"href":"https:\/\/altoma.pl\/en\/wp-json\/wp\/v2\/users\/2"}],"replies":[{"embeddable":true,"href":"https:\/\/altoma.pl\/en\/wp-json\/wp\/v2\/comments?post=1210"}],"version-history":[{"count":31,"href":"https:\/\/altoma.pl\/en\/wp-json\/wp\/v2\/pages\/1210\/revisions"}],"predecessor-version":[{"id":1698,"href":"https:\/\/altoma.pl\/en\/wp-json\/wp\/v2\/pages\/1210\/revisions\/1698"}],"wp:attachment":[{"href":"https:\/\/altoma.pl\/en\/wp-json\/wp\/v2\/media?parent=1210"}],"curies":[{"name":"wp","href":"https:\/\/api.w.org\/{rel}","templated":true}]}}