{"id":133,"date":"2018-10-09T15:12:01","date_gmt":"2018-10-09T13:12:01","guid":{"rendered":"http:\/\/serwer1641940.home.pl\/4555971\/?page_id=133"},"modified":"2022-01-03T08:19:03","modified_gmt":"2022-01-03T07:19:03","slug":"gdzie-kupic-nasze-konstrukcje","status":"publish","type":"page","link":"https:\/\/altoma.pl\/en\/systemy-aluminiowe\/gdzie-kupic-nasze-konstrukcje\/","title":{"rendered":"Gdzie kupi\u0107 nasze konstrukcje?"},"content":{"rendered":"<div id=\"pl-133\"  class=\"panel-layout\" ><div id=\"pg-133-0\"  class=\"panel-grid panel-no-style\" ><div id=\"pgc-133-0-0\"  class=\"panel-grid-cell\" ><div id=\"panel-133-0-0-0\" class=\"so-panel widget widget_sow-editor panel-first-child panel-last-child\" data-index=\"0\" ><div\n\t\t\t\n\t\t\tclass=\"so-widget-sow-editor so-widget-sow-editor-base\"\n\t\t\t\n\t\t>\n<div class=\"siteorigin-widget-tinymce textwidget\">\n\t<h1 style=\"text-align: center;\">Producenci konstrukcji w systemie ALTOMA<\/h1>\n<p>&nbsp;<\/p>\n<table style=\"height: 398px; width: 100%; border-collapse: collapse;\" border=\"0\">\n<tbody>\n<tr style=\"height: 66px;\">\n<td style=\"width: 33.3333%; text-align: center; height: 66px;\">\n<h4><\/h4>\n<\/td>\n<td style=\"width: 33.3333%; text-align: center; height: 66px;\"><\/td>\n<td style=\"width: 33.3333%; text-align: center; height: 66px;\"><\/td>\n<\/tr>\n<tr style=\"height: 24px;\">\n<td style=\"width: 33.3333%; height: 24px; text-align: center;\">\n<h4><img loading=\"lazy\" decoding=\"async\" class=\"wp-image-427 alignnone\" src=\"https:\/\/altoma.pl\/wp-content\/uploads\/2019\/01\/ogrodzenia-progres-logo.png\" alt=\"\" width=\"222\" height=\"86\" \/><\/h4>\n<\/td>\n<td style=\"width: 33.3333%; height: 24px; text-align: center;\"><img loading=\"lazy\" decoding=\"async\" class=\"wp-image-424 alignnone\" src=\"https:\/\/altoma.pl\/wp-content\/uploads\/2019\/01\/cropped-logo-warianty1-300x300.png\" alt=\"\" width=\"186\" height=\"186\" srcset=\"https:\/\/altoma.pl\/wp-content\/uploads\/2019\/01\/cropped-logo-warianty1-300x300.png 300w, https:\/\/altoma.pl\/wp-content\/uploads\/2019\/01\/cropped-logo-warianty1-270x270.png 270w, https:\/\/altoma.pl\/wp-content\/uploads\/2019\/01\/cropped-logo-warianty1-230x230.png 230w, https:\/\/altoma.pl\/wp-content\/uploads\/2019\/01\/cropped-logo-warianty1.png 512w\" sizes=\"auto, (max-width: 186px) 100vw, 186px\" \/><\/td>\n<td style=\"width: 33.3333%; height: 24px; text-align: center;\"><img loading=\"lazy\" decoding=\"async\" class=\"wp-image-425 alignnone\" src=\"https:\/\/altoma.pl\/wp-content\/uploads\/2019\/01\/GLOBMAR.png\" alt=\"\" width=\"193\" height=\"195\" \/><\/td>\n<\/tr>\n<tr style=\"height: 24px;\">\n<td style=\"width: 33.3333%; height: 24px;\">\n<h3 class=\"vcard_name\" style=\"text-align: center;\"><strong>PROGRES Systemy Ogrodzeniowe<\/strong><\/h3>\n<h4 id=\"title\" class=\"vcard_name\" style=\"text-align: center;\">Cz\u0119stochowa<\/h4>\n<h4 class=\"vcard_name\" style=\"text-align: center;\">ul.R\u00f3wnoleg\u0142a 63<\/h4>\n<h4 id=\"title\" class=\"vcard_name\" style=\"text-align: center;\">tel. 34 363 44 33<\/h4>\n<h4 id=\"title\" class=\"vcard_name\" style=\"text-align: center;\"><a class=\"moz-txt-link-abbreviated\" href=\"mailto:progres@ogrodzenia-progres.com.pl\">progres@ogrodzenia-progres.com.pl<\/a><\/h4>\n<h4 id=\"title\" class=\"vcard_name\" style=\"text-align: center;\"><a class=\"moz-txt-link-abbreviated\" href=\"http:\/\/www.ogrodzenia-progres.pl\">www.ogrodzenia-progres.pl<\/a><\/h4>\n<\/td>\n<td style=\"width: 33.3333%; height: 24px;\">\n<h3 class=\"vcard_name\" style=\"text-align: center;\"><strong>IGEL<\/strong><\/h3>\n<h4 id=\"title\" class=\"vcard_name\" style=\"text-align: center;\">Konstantyn\u00f3w \u0141\u00f3dzki<\/h4>\n<h4 id=\"title\" class=\"vcard_name\" style=\"text-align: center;\">ul. \u0141\u00f3dzka 181<\/h4>\n<h4 id=\"title\" class=\"vcard_name\" style=\"text-align: center;\">tel. 502 948 388<\/h4>\n<h4 id=\"title\" class=\"vcard_name\" style=\"text-align: center;\"><a class=\"moz-txt-link-abbreviated\" href=\"mailto:igel@igel.com.pl\">igel@igel.com.pl<\/a><\/h4>\n<h4 id=\"title\" class=\"vcard_name\" style=\"text-align: center;\"><a class=\"moz-txt-link-abbreviated\" href=\"http:\/\/www.igel.com.pl\">www.igel.com.pl<\/a><\/h4>\n<\/td>\n<td style=\"width: 33.3333%; height: 24px; text-align: center;\">\n<h3 class=\"vcard_name\"><strong>GLOB-MAR Lewicki Marek<\/strong><\/h3>\n<h4 class=\"vcard_name\">Stalowa Wola<\/h4>\n<h4 class=\"vcard_name\">Al. Jana Paw\u0142a II 13\/239<\/h4>\n<h4 id=\"title\" class=\"vcard_name\">tel. 733 142 756<\/h4>\n<h4 id=\"title\" class=\"vcard_name\"><a href=\"mailto:biuro@oknaglobmar.pl\">biuro@oknaglobmar.pl<\/a><\/h4>\n<h4 class=\"vcard_name\"><a href=\"mailto:biuro@oknaglobmar.pl\">www.oknaglobmar.pl<\/a><\/h4>\n<\/td>\n<\/tr>\n<tr style=\"height: 24px;\">\n<td style=\"width: 33.3333%; height: 24px;\"><\/td>\n<td style=\"width: 33.3333%; height: 24px;\"><\/td>\n<td style=\"width: 33.3333%; height: 24px;\"><\/td>\n<\/tr>\n<tr style=\"height: 24px;\">\n<td style=\"width: 33.3333%; height: 24px;\">\n<h1 id=\"title\" class=\"vcard_name\" style=\"text-align: right;\"><img loading=\"lazy\" decoding=\"async\" class=\"alignnone aligncenter\" src=\"https:\/\/dkv.com.pl\/wp-content\/uploads\/2016\/01\/logo_03.png\" alt=\"logo_03\" width=\"287\" height=\"142\" \/><\/h1>\n<\/td>\n<td style=\"width: 33.3333%; height: 24px;\"><a href=\"https:\/\/altoma.pl\/wp-content\/uploads\/2019\/01\/B.W.i-B..png\"><img loading=\"lazy\" decoding=\"async\" class=\"size-full wp-image-428 aligncenter\" src=\"https:\/\/altoma.pl\/wp-content\/uploads\/2019\/01\/B.W.i-B..png\" alt=\"\" width=\"193\" height=\"96\" \/><\/a><\/td>\n<td style=\"width: 33.3333%; height: 24px;\"><\/td>\n<\/tr>\n<tr style=\"height: 24px;\">\n<td style=\"width: 33.3333%; height: 24px; text-align: center;\">\n<h3 class=\"vcard_name\"><strong>Kamieniec Wroc\u0142awski<\/strong><\/h3>\n<h4 class=\"vcard_name\">ul. Wroc\u0142awska 159-161<\/h4>\n<h4 class=\"vcard_name\">Tel. +48 713 185 519<\/h4>\n<h4 class=\"vcard_name\"><a href=\"mailto:serwis@dkv.com.pl\">www.dkv.com.pl<\/a><\/h4>\n<h4 class=\"vcard_name\"><a href=\"mailto:serwis@dkv.com.pl\">dkv@dkv.com.pl<\/a><\/h4>\n<\/td>\n<td style=\"width: 33.3333%; height: 24px;\">\n<h3 id=\"title\" class=\"vcard_name\" style=\"text-align: center;\"><strong>\u201eB.W. i B.\u201d Wojciech Borkowski<\/strong><\/h3>\n<h4 id=\"title\" class=\"vcard_name\" style=\"text-align: center;\">Olsztyn<\/h4>\n<h4 class=\"vcard_name\" style=\"text-align: center;\">ul. Szarych Szereg\u00f3w 5<\/h4>\n<h4 id=\"title\" class=\"vcard_name\" style=\"text-align: center;\">tel. 501 293 294<\/h4>\n<h4 id=\"title\" class=\"vcard_name\" style=\"text-align: center;\"><a href=\"mailto:sekretariat@bwib.eu\">sekretariat@bwib.eu<\/a><\/h4>\n<h4 class=\"vcard_name\" style=\"text-align: center;\"><a href=\"https:\/\/okucia.bwib.eu\">www.okucia.bwib.eu<\/a><\/h4>\n<\/td>\n<td style=\"width: 33.3333%; height: 24px;\">\n<h3 id=\"title\" class=\"vcard_name\" style=\"text-align: center;\"><strong>Galeria Okien i Drzwi<\/strong><\/h3>\n<h4 id=\"title\" class=\"vcard_name\" style=\"text-align: center;\">Radom<\/h4>\n<h4 class=\"vcard_name\" style=\"text-align: center;\">ul.Ma\u0142cu\u017cy\u0144skiego 24<\/h4>\n<h4 id=\"title\" class=\"vcard_name\" style=\"text-align: center;\">tel. 510 046 698<\/h4>\n<h4 id=\"title\" class=\"vcard_name\" style=\"text-align: center;\"><a class=\"moz-txt-link-abbreviated\" href=\"mailto:biuro-goid@wp.pl\">biuro-goid@wp.pl<\/a><\/h4>\n<\/td>\n<\/tr>\n<tr style=\"height: 24px;\">\n<td style=\"width: 33.3333%; height: 24px;\"><\/td>\n<td style=\"width: 33.3333%; height: 24px;\"><\/td>\n<td style=\"width: 33.3333%; height: 24px;\"><\/td>\n<\/tr>\n<tr style=\"height: 24px;\">\n<td style=\"width: 33.3333%; height: 24px;\">\n<h1 class=\"vcard_name\" style=\"text-align: center;\"><a href=\"https:\/\/altoma.pl\/wp-content\/uploads\/2019\/01\/Alkazar.png\"><img loading=\"lazy\" decoding=\"async\" class=\"wp-image-434 aligncenter\" src=\"https:\/\/altoma.pl\/wp-content\/uploads\/2019\/01\/Alkazar.png\" alt=\"\" width=\"210\" height=\"159\" \/><\/a><\/h1>\n<\/td>\n<td style=\"width: 33.3333%; height: 24px;\">\n<h1 class=\"vcard_name\" style=\"text-align: left;\"><img loading=\"lazy\" decoding=\"async\" class=\"aligncenter\" style=\"font-size: 16px;\" src=\"https:\/\/altoma.pl\/wp-content\/uploads\/2019\/02\/logo-aluminum-joinery-nowe-4-300x125-300x125-1.png\" width=\"262\" height=\"110\" \/><\/h1>\n<\/td>\n<td style=\"width: 33.3333%; height: 24px;\">\n<h1 style=\"text-align: center;\"><a href=\"https:\/\/altoma.pl\/wp-content\/uploads\/2019\/06\/Bramy-plus.png\"><img loading=\"lazy\" decoding=\"async\" class=\"wp-image-654 aligncenter\" src=\"https:\/\/altoma.pl\/wp-content\/uploads\/2019\/06\/Bramy-plus-300x296.png\" alt=\"\" width=\"216\" height=\"213\" \/><\/a><\/h1>\n<\/td>\n<\/tr>\n<tr style=\"height: 24px;\">\n<td style=\"width: 33.3333%; height: 24px;\">\n<h3 id=\"title\" class=\"vcard_name\" style=\"text-align: center;\"><strong>Alkazar<\/strong><\/h3>\n<h4 class=\"vcard_name\" style=\"text-align: center;\">\u0141yszkowice<\/h4>\n<h4 class=\"vcard_name\" style=\"text-align: center;\">ul. Bobrowa 69<\/h4>\n<h4 class=\"vcard_name\" style=\"text-align: center;\">tel.\u00a0<a>509 035 975\u00a0<\/a><\/h4>\n<h4 class=\"vcard_name\" style=\"text-align: center;\"><a href=\"mailto:biuro@alkazar.pl\">biuro@alkazar.pl <\/a><\/h4>\n<h4 class=\"vcard_name\" style=\"text-align: center;\"><a href=\"http:\/\/www.alkazar.pl\">www.alkazar.pl<\/a><\/h4>\n<\/td>\n<td style=\"width: 33.3333%; height: 24px;\">\n<h3 class=\"vcard_name\" style=\"text-align: center;\"><strong>ZenAluminium Sp. z o.o.<\/strong><\/h3>\n<h4 class=\"vcard_name\" style=\"text-align: center;\">Koszalin<\/h4>\n<h4 class=\"vcard_name\" style=\"text-align: center;\">ul. Szczeci\u0144ska 65<\/h4>\n<h4 class=\"vcard_name\" style=\"text-align: center;\">Tel.+48 602 596 775<\/h4>\n<h4 class=\"vcard_name\" style=\"text-align: center;\"><a href=\"mailto:kontakt@zenaluminium.pl\">kontakt@zenaluminium.pl<\/a><\/h4>\n<h4 class=\"vcard_name\" style=\"text-align: center;\"><a href=\"https:\/\/zenaluminium.pl\">www.zenaluminium.pl<\/a><\/h4>\n<\/td>\n<td style=\"width: 33.3333%; height: 24px; text-align: center;\">\n<h3 id=\"title\" class=\"vcard_name\"><strong>Bramy - plus<\/strong><\/h3>\n<h4 class=\"vcard_name\">Chwaszczyno<\/h4>\n<h4 class=\"vcard_name\">ul. S\u0142owackiego 7<\/h4>\n<h4 class=\"vcard_name\">tel.\u00a0<a>533 66 99 22<\/a><\/h4>\n<h4 class=\"vcard_name\"><a href=\"mailto:biuro@bramy-plus.pl.pl\">biuro@bramy-plus.pl <\/a><\/h4>\n<h4 class=\"vcard_name\"><a href=\"http:\/\/www.bramy-plus.pl\">www.bramy-plus.pl<\/a><\/h4>\n<\/td>\n<\/tr>\n<tr style=\"height: 10px;\">\n<td style=\"width: 33.3333%; height: 10px;\">\n<pre id=\"title\" class=\"vcard_name\" style=\"text-align: center;\"><strong>\u00a0<\/strong><\/pre>\n<\/td>\n<td style=\"width: 33.3333%; height: 10px;\"><\/td>\n<td style=\"width: 33.3333%; text-align: center; height: 10px;\">\n<pre id=\"title\" class=\"vcard_name\"><strong>\u00a0<\/strong><\/pre>\n<\/td>\n<\/tr>\n<tr style=\"height: 65px;\">\n<td style=\"width: 33.3333%; height: 65px;\">\n<h3 id=\"title\" class=\"vcard_name\" style=\"text-align: center;\"><strong><a href=\"https:\/\/altoma.pl\/wp-content\/uploads\/2021\/12\/Frezmet_nowe_logo.png\"><img loading=\"lazy\" decoding=\"async\" class=\"size-medium wp-image-1165 aligncenter\" src=\"https:\/\/altoma.pl\/wp-content\/uploads\/2021\/12\/Frezmet_nowe_logo-300x108.png\" alt=\"\" width=\"300\" height=\"108\" srcset=\"https:\/\/altoma.pl\/wp-content\/uploads\/2021\/12\/Frezmet_nowe_logo-300x108.png 300w, https:\/\/altoma.pl\/wp-content\/uploads\/2021\/12\/Frezmet_nowe_logo-768x277.png 768w, https:\/\/altoma.pl\/wp-content\/uploads\/2021\/12\/Frezmet_nowe_logo-1024x369.png 1024w\" sizes=\"auto, (max-width: 300px) 100vw, 300px\" \/><\/a><\/strong><\/h3>\n<\/td>\n<td style=\"width: 33.3333%; height: 65px;\">\n<h3 class=\"vcard_name\" style=\"text-align: center;\"><strong><a href=\"https:\/\/altoma.pl\/wp-content\/uploads\/2021\/12\/image_6483441.jpg\"><img loading=\"lazy\" decoding=\"async\" class=\"size-medium wp-image-1166 aligncenter\" src=\"https:\/\/altoma.pl\/wp-content\/uploads\/2021\/12\/image_6483441-300x214.jpg\" alt=\"\" width=\"300\" height=\"214\" srcset=\"https:\/\/altoma.pl\/wp-content\/uploads\/2021\/12\/image_6483441-300x214.jpg 300w, https:\/\/altoma.pl\/wp-content\/uploads\/2021\/12\/image_6483441-768x547.jpg 768w, https:\/\/altoma.pl\/wp-content\/uploads\/2021\/12\/image_6483441-1024x730.jpg 1024w, https:\/\/altoma.pl\/wp-content\/uploads\/2021\/12\/image_6483441.jpg 1048w\" sizes=\"auto, (max-width: 300px) 100vw, 300px\" \/><\/a><\/strong><\/h3>\n<\/td>\n<td style=\"width: 33.3333%; text-align: center; height: 65px;\">\n<h3 id=\"title\" class=\"vcard_name\"><strong><a href=\"https:\/\/altoma.pl\/wp-content\/uploads\/2021\/12\/Logo-czarne-t\u0142o.png\"><img loading=\"lazy\" decoding=\"async\" class=\"size-medium wp-image-1169 aligncenter\" src=\"https:\/\/altoma.pl\/wp-content\/uploads\/2021\/12\/Logo-czarne-t\u0142o-300x158.png\" alt=\"\" width=\"300\" height=\"158\" srcset=\"https:\/\/altoma.pl\/wp-content\/uploads\/2021\/12\/Logo-czarne-t\u0142o-300x158.png 300w, https:\/\/altoma.pl\/wp-content\/uploads\/2021\/12\/Logo-czarne-t\u0142o-768x404.png 768w, https:\/\/altoma.pl\/wp-content\/uploads\/2021\/12\/Logo-czarne-t\u0142o-1024x538.png 1024w, https:\/\/altoma.pl\/wp-content\/uploads\/2021\/12\/Logo-czarne-t\u0142o.png 1624w\" sizes=\"auto, (max-width: 300px) 100vw, 300px\" \/><\/a>\u00a0<\/strong><\/h3>\n<\/td>\n<\/tr>\n<tr style=\"height: 65px;\">\n<td style=\"width: 33.3333%; height: 65px;\">\n<div class=\"default-style content-container\">\n<h3 class=\"vcard_name\" style=\"text-align: center;\"><span class=\"address-line\"><strong>P.P.H.U. \"FREZMET\" s.c. SZCZECHLA<\/strong><\/span><\/h3>\n<h4 class=\"vcard_name\" style=\"text-align: center;\"><span class=\"address-line\">Cz\u0119stochowa<\/span><\/h4>\n<h4 class=\"vcard_name\" style=\"text-align: center;\">ul. <span class=\"address-line\">\u017byzna 15<\/span><\/h4>\n<h4 class=\"vcard_name\" style=\"text-align: center;\">Tel.\u00a0<span class=\"address-line\">34 365 92 73 \/ 663 170 033<\/span><\/h4>\n<h4 class=\"vcard_name\" style=\"text-align: center;\"><span class=\"address-line\"><a href=\"mailto:frezmet@frezmet.com\">frezmet@frezmet.com<\/a><\/span><\/h4>\n<\/div>\n<h4 class=\"vcard_name\" style=\"text-align: center;\"><span class=\"address-line\"><a href=\"http:\/\/www.frezmet.com\">www.frezmet.com<\/a><\/span><\/h4>\n<\/td>\n<td style=\"width: 33.3333%; height: 65px;\">\n<h3 class=\"vcard_name\" style=\"text-align: center;\"><span class=\"address-line\"><strong>Zaune Kaminski<\/strong><\/span><\/h3>\n<h4 class=\"vcard_name\" style=\"text-align: center;\">Kostrzyn nad Odr\u0105<\/h4>\n<h4 class=\"vcard_name\" style=\"text-align: center;\">ul.\u00a0Asfaltowa 10<\/h4>\n<h4 class=\"vcard_name\" style=\"text-align: center;\">Tel. 723904243<\/h4>\n<h4 class=\"vcard_name\" style=\"text-align: center;\"><a href=\"mailto:karlzaune@gmail.com\">karlzaune@gmail.com<\/a><\/h4>\n<h4 class=\"vcard_name\" style=\"text-align: center;\"><a href=\"http:\/\/www.Karl-zaune.de\">www.karl-zaune.de<\/a><\/h4>\n<\/td>\n<td style=\"width: 33.3333%; text-align: center; height: 65px;\">\n<h3 class=\"vcard_name\"><strong>\u00a0T<\/strong><strong>RIO<\/strong><\/h3>\n<h4 class=\"vcard_name\">Chmielnik<span class=\"gmail-Apple-converted-space\">\u00a0<\/span><\/h4>\n<h4 class=\"vcard_name\">ul. Ciecierze 13<span class=\"gmail-Apple-converted-space\">\u00a0<\/span><\/h4>\n<h4 class=\"vcard_name\">Tel. 790 697 944<\/h4>\n<h4 class=\"vcard_name\"><a href=\"mailto:trio3.kontakt@gmail.com\">trio3.kontakt@gmail.com<\/a><\/h4>\n<h4 class=\"vcard_name\"><a href=\"https:\/\/www.facebook.com\/pages\/category\/Fence---Gate-Contractor\/TRIO-108077604903883\/\">Facebook<\/a><\/h4>\n<\/td>\n<\/tr>\n<tr>\n<td style=\"width: 33.3333%;\">\n<div class=\"default-style content-container\">\n<h3 class=\"vcard_name\" style=\"text-align: center;\"><span class=\"address-line\"><strong>\u00a0<\/strong><\/span><\/h3>\n<\/div>\n<\/td>\n<td style=\"width: 33.3333%;\">\n<h3 class=\"vcard_name\" style=\"text-align: center;\"><span class=\"address-line\"><strong>\u00a0<\/strong><\/span><\/h3>\n<\/td>\n<td style=\"width: 33.3333%; text-align: center;\">\n<h3 class=\"vcard_name\"><strong>\u00a0<\/strong><\/h3>\n<\/td>\n<\/tr>\n<tr>\n<td style=\"width: 33.3333%;\">\n<div class=\"default-style content-container\">\n<h3 class=\"vcard_name\" style=\"text-align: center;\"><span class=\"address-line\"><strong><a href=\"https:\/\/altoma.pl\/wp-content\/uploads\/2022\/01\/Logo-prawid\u0142owe.png\"><img loading=\"lazy\" decoding=\"async\" class=\"size-medium wp-image-1172 aligncenter\" src=\"https:\/\/altoma.pl\/wp-content\/uploads\/2022\/01\/Logo-prawid\u0142owe-300x115.png\" alt=\"\" width=\"300\" height=\"115\" srcset=\"https:\/\/altoma.pl\/wp-content\/uploads\/2022\/01\/Logo-prawid\u0142owe-300x115.png 300w, https:\/\/altoma.pl\/wp-content\/uploads\/2022\/01\/Logo-prawid\u0142owe-768x295.png 768w, https:\/\/altoma.pl\/wp-content\/uploads\/2022\/01\/Logo-prawid\u0142owe-1024x394.png 1024w\" sizes=\"auto, (max-width: 300px) 100vw, 300px\" \/><\/a><\/strong><\/span><\/h3>\n<\/div>\n<\/td>\n<td style=\"width: 33.3333%;\">\n<h3 class=\"vcard_name\" style=\"text-align: center;\"><span class=\"address-line\"><strong>\u00a0<\/strong><\/span><\/h3>\n<\/td>\n<td style=\"width: 33.3333%; text-align: center;\">\n<h3 class=\"vcard_name\"><strong>\u00a0<\/strong><\/h3>\n<\/td>\n<\/tr>\n<tr>\n<td style=\"width: 33.3333%;\">\n<div class=\"default-style content-container\">\n<h3 class=\"vcard_name\" style=\"text-align: center;\"><span class=\"address-line\"><strong>Wostil<\/strong><\/span><\/h3>\n<h4 class=\"vcard_name\" style=\"text-align: center;\">Gwo\u017adziany<\/h4>\n<h4 class=\"vcard_name\" style=\"text-align: center;\">ul. Sp\u00f3\u0142dzielcza 10<\/h4>\n<h4 class=\"vcard_name\" style=\"text-align: center;\">Tel. 783 493 609<\/h4>\n<h4 class=\"vcard_name\" style=\"text-align: center;\"><a href=\"mailto:biuro@wostil.pl\">biuro@wostil.pl<\/a><\/h4>\n<h4 class=\"vcard_name\" style=\"text-align: center;\"><a href=\"http:\/\/www.wostil.pl\">www.wostil.pl<\/a><\/h4>\n<\/div>\n<\/td>\n<td style=\"width: 33.3333%;\">\n<h3 class=\"vcard_name\" style=\"text-align: center;\"><span class=\"address-line\"><strong>\u00a0<\/strong><\/span><\/h3>\n<\/td>\n<td style=\"width: 33.3333%; text-align: center;\">\n<h3 class=\"vcard_name\"><strong>\u00a0<\/strong><\/h3>\n<\/td>\n<\/tr>\n<\/tbody>\n<\/table>\n<h1 class=\"vcard_name\" style=\"text-align: left;\"><\/h1>\n<\/div>\n<\/div><\/div><\/div><\/div><\/div>","protected":false},"excerpt":{"rendered":"<p>Producenci konstrukcji w systemie ALTOMA &nbsp; PROGRES Systemy Ogrodzeniowe Cz\u0119stochowa ul.R\u00f3wnoleg\u0142a 63 tel. 34 363 44 33 progres@ogrodzenia-progres.com.pl www.ogrodzenia-progres.pl IGEL Konstantyn\u00f3w \u0141\u00f3dzki ul. \u0141\u00f3dzka 181 tel. 502 948 388 igel@igel.com.pl www.igel.com.pl GLOB-MAR Lewicki Marek Stalowa Wola Al. Jana Paw\u0142a II<\/p>\n","protected":false},"author":1,"featured_media":0,"parent":40,"menu_order":0,"comment_status":"closed","ping_status":"closed","template":"","meta":{"footnotes":""},"class_list":["post-133","page","type-page","status-publish","hentry"],"_links":{"self":[{"href":"https:\/\/altoma.pl\/en\/wp-json\/wp\/v2\/pages\/133","targetHints":{"allow":["GET"]}}],"collection":[{"href":"https:\/\/altoma.pl\/en\/wp-json\/wp\/v2\/pages"}],"about":[{"href":"https:\/\/altoma.pl\/en\/wp-json\/wp\/v2\/types\/page"}],"author":[{"embeddable":true,"href":"https:\/\/altoma.pl\/en\/wp-json\/wp\/v2\/users\/1"}],"replies":[{"embeddable":true,"href":"https:\/\/altoma.pl\/en\/wp-json\/wp\/v2\/comments?post=133"}],"version-history":[{"count":34,"href":"https:\/\/altoma.pl\/en\/wp-json\/wp\/v2\/pages\/133\/revisions"}],"predecessor-version":[{"id":1173,"href":"https:\/\/altoma.pl\/en\/wp-json\/wp\/v2\/pages\/133\/revisions\/1173"}],"up":[{"embeddable":true,"href":"https:\/\/altoma.pl\/en\/wp-json\/wp\/v2\/pages\/40"}],"wp:attachment":[{"href":"https:\/\/altoma.pl\/en\/wp-json\/wp\/v2\/media?parent=133"}],"curies":[{"name":"wp","href":"https:\/\/api.w.org\/{rel}","templated":true}]}}