{"id":1365,"date":"2022-12-28T15:03:44","date_gmt":"2022-12-28T14:03:44","guid":{"rendered":"https:\/\/altoma.pl\/?page_id=1365"},"modified":"2024-12-17T13:09:58","modified_gmt":"2024-12-17T12:09:58","slug":"panele-elewacyjne-3d","status":"publish","type":"page","link":"https:\/\/altoma.pl\/en\/panele-elewacyjne-3d\/","title":{"rendered":"Panele elewacyjne 3D"},"content":{"rendered":"<div id=\"pl-1365\"  class=\"panel-layout\" ><div id=\"pg-1365-0\"  class=\"panel-grid panel-no-style\" ><div id=\"pgc-1365-0-0\"  class=\"panel-grid-cell\" ><div id=\"panel-1365-0-0-0\" class=\"so-panel widget widget_sow-editor panel-first-child panel-last-child\" data-index=\"0\" ><div\n\t\t\t\n\t\t\tclass=\"so-widget-sow-editor so-widget-sow-editor-base\"\n\t\t\t\n\t\t>\n<div class=\"siteorigin-widget-tinymce textwidget\">\n\t<h1 style=\"text-align: center;\">Panele elewacyjne 3D<\/h1>\n<p style=\"text-align: center;\">W nowoczesnym budownictwie du\u017c\u0105 popularno\u015bci\u0105 ciesz\u0105 si\u0119 obecnie konstrukcje a\u017curowe z wertykalnych paneli ozdobnych. Spo\u015br\u00f3d stosownych na takie konstrukcje materia\u0142\u00f3w najwi\u0119cej zalet posiada aluminium. Jest to materia\u0142 lekki i trwa\u0142y. Lakierowanie proszkowe b\u0119d\u0105ce doskona\u0142ym zabezpieczeniem przed korozj\u0105, daje nieograniczone mo\u017cliwo\u015bci kszta\u0142towania wygl\u0105du konstrukcji poprzez wykorzystanie pe\u0142nej palety RAL oraz wyko\u0144cze\u0144 drewnopodobnych, jak r\u00f3wnie\u017c mo\u017cliwo\u015bci \u0142\u0105czenia w jednej konstrukcji profili w r\u00f3\u017cnych kolorach.<\/p>\n<p style=\"text-align: center;\">System paneli elewacyjnych 3D przeznaczony jest do wykonywania konstrukcji aluminiowych mog\u0105cych by\u0107 elementami dekoracyjnymi na \u015bcianach budynk\u00f3w, przegrodami balkonowymi pomi\u0119dzy lokatorami, jak i przegrodami zewn\u0119trznymi. Poprzez swoje szerokie mo\u017cliwo\u015bci konstrukcyjne system daje mo\u017cliwo\u015b\u0107 dowolnego kszta\u0142towania przegr\u00f3d a\u017curowych. Umo\u017cliwia on monta\u017c profili aluminiowych o dowolnej szeroko\u015bci i g\u0142\u0119boko\u015bci, oraz dowolne ich dystansowanie. Prosty system monta\u017cu pozwala zar\u00f3wno na wst\u0119pn\u0105 fabrykacj\u0119 modu\u0142\u00f3w i ich instalacj\u0119 na obiekcie, jak r\u00f3wnie\u017c na monta\u017c z prefabrykowanych profili bezpo\u015brednio na budowie. Ca\u0142y system nie wymaga spawania, a technologia produkcji zbli\u017cona jest do technologii okien, drzwi i fasad z aluminium.<\/p>\n<p>&nbsp;<\/p>\n<p style=\"text-align: center;\"><a href=\"https:\/\/altoma.pl\/wp-content\/uploads\/2022\/12\/MODEL_TS30_START_render.jpg\"><img loading=\"lazy\" decoding=\"async\" class=\"size-medium wp-image-1380 aligncenter\" src=\"https:\/\/altoma.pl\/wp-content\/uploads\/2022\/12\/MODEL_TS30_START_render-300x212.jpg\" alt=\"\" width=\"300\" height=\"212\" srcset=\"https:\/\/altoma.pl\/wp-content\/uploads\/2022\/12\/MODEL_TS30_START_render-300x212.jpg 300w, https:\/\/altoma.pl\/wp-content\/uploads\/2022\/12\/MODEL_TS30_START_render-768x542.jpg 768w, https:\/\/altoma.pl\/wp-content\/uploads\/2022\/12\/MODEL_TS30_START_render-1024x723.jpg 1024w\" sizes=\"auto, (max-width: 300px) 100vw, 300px\" \/><\/a><\/p>\n<\/div>\n<\/div><\/div><\/div><div id=\"pgc-1365-0-1\"  class=\"panel-grid-cell\" ><div id=\"panel-1365-0-1-0\" class=\"so-panel widget widget_sow-editor panel-first-child panel-last-child\" data-index=\"1\" ><div\n\t\t\t\n\t\t\tclass=\"so-widget-sow-editor so-widget-sow-editor-base\"\n\t\t\t\n\t\t>\n<div class=\"siteorigin-widget-tinymce textwidget\">\n\t<div id='gallery-1' class='gallery galleryid-1365 gallery-columns-1 gallery-size-medium'><figure class='gallery-item'>\n\t\t\t<div class='gallery-icon landscape'>\n\t\t\t\t<a href='https:\/\/altoma.pl\/wp-content\/uploads\/2022\/01\/IMG_5892.jpg'><img loading=\"lazy\" decoding=\"async\" width=\"300\" height=\"225\" src=\"https:\/\/altoma.pl\/wp-content\/uploads\/2022\/01\/IMG_5892-300x225.jpg\" class=\"attachment-medium size-medium\" alt=\"\" aria-describedby=\"gallery-1-1248\" srcset=\"https:\/\/altoma.pl\/wp-content\/uploads\/2022\/01\/IMG_5892-300x225.jpg 300w, https:\/\/altoma.pl\/wp-content\/uploads\/2022\/01\/IMG_5892-768x576.jpg 768w, https:\/\/altoma.pl\/wp-content\/uploads\/2022\/01\/IMG_5892-1024x768.jpg 1024w, https:\/\/altoma.pl\/wp-content\/uploads\/2022\/01\/IMG_5892.jpg 2016w\" sizes=\"auto, (max-width: 300px) 100vw, 300px\" \/><\/a>\n\t\t\t<\/div>\n\t\t\t\t<figcaption class='wp-caption-text gallery-caption' id='gallery-1-1248'>\n\t\t\t\tK\u0105ty Rybackie &#8211; Lamelowa przegroda balkonowa\n\t\t\t\t<\/figcaption><\/figure><figure class='gallery-item'>\n\t\t\t<div class='gallery-icon landscape'>\n\t\t\t\t<a href='https:\/\/altoma.pl\/wp-content\/uploads\/2022\/01\/IMG_5890.jpg'><img loading=\"lazy\" decoding=\"async\" width=\"300\" height=\"225\" src=\"https:\/\/altoma.pl\/wp-content\/uploads\/2022\/01\/IMG_5890-300x225.jpg\" class=\"attachment-medium size-medium\" alt=\"Aluminium drewnopodobne\" aria-describedby=\"gallery-1-1246\" srcset=\"https:\/\/altoma.pl\/wp-content\/uploads\/2022\/01\/IMG_5890-300x225.jpg 300w, https:\/\/altoma.pl\/wp-content\/uploads\/2022\/01\/IMG_5890-768x576.jpg 768w, https:\/\/altoma.pl\/wp-content\/uploads\/2022\/01\/IMG_5890-1024x768.jpg 1024w, https:\/\/altoma.pl\/wp-content\/uploads\/2022\/01\/IMG_5890.jpg 2016w\" sizes=\"auto, (max-width: 300px) 100vw, 300px\" \/><\/a>\n\t\t\t<\/div>\n\t\t\t\t<figcaption class='wp-caption-text gallery-caption' id='gallery-1-1246'>\n\t\t\t\tLamelowa przegroda balkonowa\n\t\t\t\t<\/figcaption><\/figure>\n\t\t<\/div>\n\n<\/div>\n<\/div><\/div><\/div><\/div><div id=\"pg-1365-1\"  class=\"panel-grid panel-no-style\" ><div id=\"pgc-1365-1-0\"  class=\"panel-grid-cell\" ><div id=\"panel-1365-1-0-0\" class=\"so-panel widget widget_sow-editor panel-first-child panel-last-child\" data-index=\"2\" ><div\n\t\t\t\n\t\t\tclass=\"so-widget-sow-editor so-widget-sow-editor-base\"\n\t\t\t\n\t\t>\n<div class=\"siteorigin-widget-tinymce textwidget\">\n\t<div id='gallery-2' class='gallery galleryid-1365 gallery-columns-3 gallery-size-medium'><figure class='gallery-item'>\n\t\t\t<div class='gallery-icon portrait'>\n\t\t\t\t<a href='https:\/\/altoma.pl\/wp-content\/uploads\/2022\/12\/20221228_154950_resized.jpg'><img loading=\"lazy\" decoding=\"async\" width=\"225\" height=\"300\" src=\"https:\/\/altoma.pl\/wp-content\/uploads\/2022\/12\/20221228_154950_resized-225x300.jpg\" class=\"attachment-medium size-medium\" alt=\"\" srcset=\"https:\/\/altoma.pl\/wp-content\/uploads\/2022\/12\/20221228_154950_resized-225x300.jpg 225w, https:\/\/altoma.pl\/wp-content\/uploads\/2022\/12\/20221228_154950_resized-768x1024.jpg 768w, https:\/\/altoma.pl\/wp-content\/uploads\/2022\/12\/20221228_154950_resized.jpg 1512w\" sizes=\"auto, (max-width: 225px) 100vw, 225px\" \/><\/a>\n\t\t\t<\/div><\/figure><figure class='gallery-item'>\n\t\t\t<div class='gallery-icon portrait'>\n\t\t\t\t<a href='https:\/\/altoma.pl\/wp-content\/uploads\/2022\/12\/20221228_134129_resized.jpg'><img loading=\"lazy\" decoding=\"async\" width=\"225\" height=\"300\" src=\"https:\/\/altoma.pl\/wp-content\/uploads\/2022\/12\/20221228_134129_resized-225x300.jpg\" class=\"attachment-medium size-medium\" alt=\"\" srcset=\"https:\/\/altoma.pl\/wp-content\/uploads\/2022\/12\/20221228_134129_resized-225x300.jpg 225w, https:\/\/altoma.pl\/wp-content\/uploads\/2022\/12\/20221228_134129_resized-768x1024.jpg 768w, https:\/\/altoma.pl\/wp-content\/uploads\/2022\/12\/20221228_134129_resized.jpg 1512w\" sizes=\"auto, (max-width: 225px) 100vw, 225px\" \/><\/a>\n\t\t\t<\/div><\/figure><figure class='gallery-item'>\n\t\t\t<div class='gallery-icon portrait'>\n\t\t\t\t<a href='https:\/\/altoma.pl\/wp-content\/uploads\/2022\/12\/20221228_134148_resized.jpg'><img loading=\"lazy\" decoding=\"async\" width=\"225\" height=\"300\" src=\"https:\/\/altoma.pl\/wp-content\/uploads\/2022\/12\/20221228_134148_resized-225x300.jpg\" class=\"attachment-medium size-medium\" alt=\"\" srcset=\"https:\/\/altoma.pl\/wp-content\/uploads\/2022\/12\/20221228_134148_resized-225x300.jpg 225w, https:\/\/altoma.pl\/wp-content\/uploads\/2022\/12\/20221228_134148_resized-768x1024.jpg 768w, https:\/\/altoma.pl\/wp-content\/uploads\/2022\/12\/20221228_134148_resized.jpg 1512w\" sizes=\"auto, (max-width: 225px) 100vw, 225px\" \/><\/a>\n\t\t\t<\/div><\/figure>\n\t\t<\/div>\n\n<\/div>\n<\/div><\/div><\/div><\/div><\/div>","protected":false},"excerpt":{"rendered":"<p>Panele elewacyjne 3D W nowoczesnym budownictwie du\u017c\u0105 popularno\u015bci\u0105 ciesz\u0105 si\u0119 obecnie konstrukcje a\u017curowe z wertykalnych paneli ozdobnych. Spo\u015br\u00f3d stosownych na takie konstrukcje materia\u0142\u00f3w najwi\u0119cej zalet posiada aluminium. Jest to materia\u0142 lekki i trwa\u0142y. Lakierowanie proszkowe b\u0119d\u0105ce doskona\u0142ym zabezpieczeniem przed korozj\u0105,<\/p>\n","protected":false},"author":2,"featured_media":0,"parent":0,"menu_order":0,"comment_status":"closed","ping_status":"closed","template":"","meta":{"footnotes":""},"class_list":["post-1365","page","type-page","status-publish","hentry"],"_links":{"self":[{"href":"https:\/\/altoma.pl\/en\/wp-json\/wp\/v2\/pages\/1365","targetHints":{"allow":["GET"]}}],"collection":[{"href":"https:\/\/altoma.pl\/en\/wp-json\/wp\/v2\/pages"}],"about":[{"href":"https:\/\/altoma.pl\/en\/wp-json\/wp\/v2\/types\/page"}],"author":[{"embeddable":true,"href":"https:\/\/altoma.pl\/en\/wp-json\/wp\/v2\/users\/2"}],"replies":[{"embeddable":true,"href":"https:\/\/altoma.pl\/en\/wp-json\/wp\/v2\/comments?post=1365"}],"version-history":[{"count":13,"href":"https:\/\/altoma.pl\/en\/wp-json\/wp\/v2\/pages\/1365\/revisions"}],"predecessor-version":[{"id":1384,"href":"https:\/\/altoma.pl\/en\/wp-json\/wp\/v2\/pages\/1365\/revisions\/1384"}],"wp:attachment":[{"href":"https:\/\/altoma.pl\/en\/wp-json\/wp\/v2\/media?parent=1365"}],"curies":[{"name":"wp","href":"https:\/\/api.w.org\/{rel}","templated":true}]}}