{"id":2,"date":"2016-01-04T12:59:21","date_gmt":"2016-01-04T11:59:21","guid":{"rendered":"http:\/\/serwer1641940.home.pl\/4555971\/?page_id=2"},"modified":"2026-01-19T08:50:27","modified_gmt":"2026-01-19T07:50:27","slug":"ogrodzenia-aluminiowe-okiennice-aluminiowe-systemy-profili","status":"publish","type":"page","link":"https:\/\/altoma.pl\/en\/","title":{"rendered":"Strona g\u0142\u00f3wna"},"content":{"rendered":"<div id=\"pl-2\"  class=\"panel-layout\" ><div id=\"pg-2-0\"  class=\"panel-grid panel-has-style\" ><div class=\"panel-row-style panel-row-style-for-2-0\" ><div id=\"pgc-2-0-0\"  class=\"panel-grid-cell\" ><div id=\"panel-2-0-0-0\" class=\"so-panel widget widget_sow-editor panel-first-child panel-last-child\" data-index=\"0\" ><div class=\"panel-widget-style panel-widget-style-for-2-0-0-0\" ><div\n\t\t\t\n\t\t\tclass=\"so-widget-sow-editor so-widget-sow-editor-base\"\n\t\t\t\n\t\t>\n<div class=\"siteorigin-widget-tinymce textwidget\">\n\t<h1 style=\"text-align: center;\">ALTOMA \u2013 SYSTEMY PROFILI ALUMINIOWYCH<\/h1>\n<h1 style=\"text-align: center;\"><a href=\"https:\/\/altoma.pl\/okiennice\/\">okiennice<\/a> \u2666 <a href=\"https:\/\/altoma.pl\/ogrodzenia\/\">ogrodzenia<\/a> \u2666 <a href=\"https:\/\/altoma.pl\/przegrody-balkonowe-2\/\">przegrody<\/a> \u2666 <a href=\"https:\/\/altoma.pl\/panele-elewacyjne-3d\/\">panele 3D<\/a><\/h1>\n<p style=\"text-align: center;\">Jeste\u015b producentem ogrodze\u0144 aluminiowych? Chcesz rozpocz\u0105\u0107 tak\u0105 produkcj\u0119?<br \/>\nA mo\u017ce chcesz wykona\u0107 takie ogrodzenie dla siebie lub swojego s\u0105siada?<\/p>\n<p style=\"text-align: center;\">Nasz oferta jest skierowana w\u0142a\u015bnie do Ciebie.<br \/>\nDostarczymy Ci pomalowane, kompletne materia\u0142y wraz z prost\u0105 technologi\u0105 jak to wszystko posk\u0142ada\u0107, bez specjalistycznych narz\u0119dzi.<br \/>\nWystarczy Ci pi\u0142a-uko\u015bnica oraz podstawowe elektronarz\u0119dzia, a b\u0119dziesz m\u00f3g\u0142 samodzielnie wykona\u0107 prz\u0119s\u0142o, furtk\u0119, bram\u0119 rozwieran\u0105 a nawet przesuwn\u0105.<\/p>\n<p style=\"text-align: center;\">Projekty konstrukcji, specyfikacje materia\u0142\u00f3w i wyceny - gratis.<\/p>\n<p style=\"text-align: center;\">Zapraszamy do wsp\u00f3\u0142pracy!<\/p>\n<p style=\"text-align: center;\">Zajmujemy si\u0119 dostarczaniem <strong>materia\u0142\u00f3w do produkcji oraz gotowych element\u00f3w ogrodze\u0144 aluminiowych<\/strong>,<br \/>\nokiennic oraz przegr\u00f3d balkonowych i elewacyjnych, a tak\u017ce zapewniamy technologi\u0119 ich produkcji.<br \/>\nOferowane przez nas materia\u0142y: profile, akcesoria, uszczelki umo\u017cliwiaj\u0105 wykonywanie r\u00f3\u017cnorodnych konstrukcji w wielu wariantach.<\/p>\n<p style=\"text-align: center;\">Produkty wykonane z naszych materia\u0142\u00f3w znajduj\u0105 si\u0119 na obiektach w ca\u0142ej Polsce, ale i w Europie - we W\u0142oszech, Francji, Niemczech, Czechach i S\u0142owacji.<\/p>\n<p style=\"text-align: center;\"><strong>NOWO\u015a\u0106!<br \/>\n<\/strong>Nowa szyna bramowa TS62<br \/>\n<a href=\"https:\/\/drive.google.com\/file\/d\/1nrUveBJHjtuuCbC4byfFJvlhHPhUceUi\/view?usp=drive_link\" target=\"_blank\" rel=\"noopener\">Instrukcja monta\u017cowa bramy - szyna TS62<\/a><\/p>\n<p>Zapraszamy na stron\u0119 po\u015bwi\u0119con\u0105 naszym przegrod\u0105 balkonowym.<br \/>\n<a href=\"https:\/\/przegroda-balkonowa.pl\/\" target=\"_blank\" rel=\"noopener\">Przegroda-balkonowa.pl<\/a><\/p>\n<\/div>\n<\/div><\/div><\/div><\/div><\/div><\/div><div id=\"pg-2-1\"  class=\"panel-grid panel-has-style\" ><div class=\"right_column sekcja_z_tlem panel-row-style panel-row-style-for-2-1\" ><div id=\"pgc-2-1-0\"  class=\"panel-grid-cell panel-grid-cell-empty\" ><\/div><div id=\"pgc-2-1-1\"  class=\"panel-grid-cell\" ><div id=\"panel-2-1-1-0\" class=\"so-panel widget widget_sow-editor panel-first-child\" data-index=\"1\" ><div\n\t\t\t\n\t\t\tclass=\"so-widget-sow-editor so-widget-sow-editor-base\"\n\t\t\t\n\t\t>\n<div class=\"siteorigin-widget-tinymce textwidget\">\n\t<h2>Estetyka i funkcjonalno\u015b\u0107<\/h2>\n<p>Oferowane przez nas systemy umo\u017cliwiaj\u0105 wykonywanie r\u00f3\u017cnorodnych typ\u00f3w okiennic: rozwieranych, sk\u0142adanych, przesuwnych, kt\u00f3rych wype\u0142nienie mog\u0105 stanowi\u0107 lamele sta\u0142e, ruchome oraz panele pe\u0142ne. Paleta mo\u017cliwych do wykonania prz\u0119se\u0142 ogrodzeniowych obejmuje konstrukcje w tradycyjnych ramach, jak i nowoczesny wariant bezramowy. Oferujemy konstrukcje furtek, bram rozwieranych oraz bram przesuwnych wykonanych w 100% z aluminium. Akcesoria i elementy z\u0142\u0105czne to po\u0142\u0105czenie aluminium i stali nierdzewnej. Poprzeczki o szeroko\u015bciach od 2 do 20cm mog\u0105 by\u0107 zorientowane zar\u00f3wno pionowo jak i poziomo. Klient ma du\u017c\u0105 swobod\u0119 w decydowaniu o ich rozstawie, co daje mo\u017cliwo\u015b\u0107 pe\u0142nej personalizacji ogrodzenia.<\/p>\n<\/div>\n<\/div><\/div><div id=\"panel-2-1-1-1\" class=\"so-panel widget widget_sow-button panel-last-child\" data-index=\"2\" ><div\n\t\t\t\n\t\t\tclass=\"so-widget-sow-button so-widget-sow-button-flat-f0d8a8793e5a-2\"\n\t\t\t\n\t\t><div class=\"ow-button-base ow-button-align-right\">\n\t\t\t<a\n\t\t\t\t\thref=\"https:\/\/altoma.pl\/en\/systemy-aluminiowe\/\"\n\t\t\t\t\tclass=\"sowb-button ow-icon-placement-left\" \t>\n\t\t<span>\n\t\t\t<span class=\"sow-icon-fontawesome sow-fas\" data-sow-icon=\"&#xf0a9;\"\n\t\tstyle=\"\" \n\t\taria-hidden=\"true\"><\/span>\n\t\t\tDowiedz si\u0119 wiecej!\t\t<\/span>\n\t\t\t<\/a>\n\t<\/div>\n<\/div><\/div><\/div><\/div><\/div><div id=\"pg-2-2\"  class=\"panel-grid panel-no-style\" ><div id=\"pgc-2-2-0\"  class=\"panel-grid-cell\" ><div id=\"panel-2-2-0-0\" class=\"so-panel widget widget_sow-editor panel-first-child panel-last-child\" data-index=\"3\" ><div\n\t\t\t\n\t\t\tclass=\"so-widget-sow-editor so-widget-sow-editor-base\"\n\t\t\t\n\t\t>\n<div class=\"siteorigin-widget-tinymce textwidget\">\n\t<h3 style=\"text-align: center;\">Styl i wytrzyma\u0142o\u015b\u0107<\/h3>\n<p style=\"text-align: center;\">Dlaczego aluminium? Jest to idealny materia\u0142 do produkcji konstrukcji u\u017cytkowanych na zewn\u0105trz. Ma\u0142a masa konstrukcji zapewnia wysoki komfort u\u017cytkowania, a wysoka odporno\u015b\u0107 na korozje gwarantuje d\u0142ugotrwa\u0142\u0105 i bezproblemow\u0105 eksploatacj\u0119. Jedno spojrzenie pozwala doceni\u0107 walory estetyczne konstrukcji wykonanych z aluminium, a praktycznie nieograniczona paleta kolorystyczna pozwala ka\u017cdemu klientowi zrealizowa\u0107 sw\u00f3j wymarzony projekt.<\/p>\n<\/div>\n<\/div><\/div><\/div><\/div><div id=\"pg-2-3\"  class=\"panel-grid panel-has-style\" ><div class=\"left_column sekcja_z_tlem panel-row-style panel-row-style-for-2-3\" ><div id=\"pgc-2-3-0\"  class=\"panel-grid-cell panel-grid-cell-mobile-last\" ><div id=\"panel-2-3-0-0\" class=\"so-panel widget widget_sow-editor panel-first-child\" data-index=\"4\" ><div\n\t\t\t\n\t\t\tclass=\"so-widget-sow-editor so-widget-sow-editor-base\"\n\t\t\t\n\t\t>\n<div class=\"siteorigin-widget-tinymce textwidget\">\n\t<h2>Zaprojektuj swoj\u0105 konstrukcj\u0119<\/h2>\n<p>Jednym z element\u00f3w oferowanego przez nasz\u0105 firm\u0119 systemu jest oprogramowanie umo\u017cliwiaj\u0105ce projektowanie konstrukcji okiennic i ogrodze\u0144, przygotowywanie ofert dla Klient\u00f3w oraz dokumentacji produkcyjnej.\u00a0Ca\u0142o\u015b\u0107 uzupe\u0142nia specjalistyczna multiprasa wspomagaj\u0105ca fabrykacj\u0119 konstrukcji.<\/p>\n<\/div>\n<\/div><\/div><div id=\"panel-2-3-0-1\" class=\"so-panel widget widget_sow-button panel-last-child\" data-index=\"5\" ><div\n\t\t\t\n\t\t\tclass=\"so-widget-sow-button so-widget-sow-button-flat-7359f5fc84aa-2\"\n\t\t\t\n\t\t><div class=\"ow-button-base ow-button-align-left\">\n\t\t\t<a\n\t\t\t\t\thref=\"https:\/\/altoma.pl\/en\/okiennice\/\"\n\t\t\t\t\tclass=\"sowb-button ow-icon-placement-left\" \t>\n\t\t<span>\n\t\t\t<span class=\"sow-icon-fontawesome sow-fas\" data-sow-icon=\"&#xf0a8;\"\n\t\tstyle=\"\" \n\t\taria-hidden=\"true\"><\/span>\n\t\t\tZobacz wi\u0119cej\t\t<\/span>\n\t\t\t<\/a>\n\t<\/div>\n<\/div><\/div><\/div><div id=\"pgc-2-3-1\"  class=\"panel-grid-cell panel-grid-cell-empty\" ><\/div><\/div><\/div><div id=\"pg-2-4\"  class=\"panel-grid panel-has-style\" ><div class=\"so-parallax panel-row-style panel-row-style-for-2-4\" ><div id=\"pgc-2-4-0\"  class=\"panel-grid-cell\" ><div id=\"panel-2-4-0-0\" class=\"so-panel widget widget_sow-editor panel-first-child panel-last-child\" data-index=\"6\" ><div\n\t\t\t\n\t\t\tclass=\"so-widget-sow-editor so-widget-sow-editor-base\"\n\t\t\t\n\t\t>\n<div class=\"siteorigin-widget-tinymce textwidget\">\n\t<h3 style=\"text-align: center;\">Proste lakierowanie, \u0142atwa fabrykacja, wysoka trwa\u0142o\u015b\u0107<\/h3>\n<p style=\"text-align: center;\">Wszelkie materia\u0142y mog\u0105 by\u0107 lakierowane w dowolnym kolorze z palety RAL, a do opcji wyko\u0144czenia zalicza si\u0119 te\u017c anodowanie oraz malowanie w kolorach drewnopodobnych.<\/p>\n<p style=\"text-align: center;\">Wykorzystanie innowacyjnego systemu \u0142\u0105czenia profili pozwala na malowanie profili w pe\u0142nych sztangach, a nast\u0119pnie fabrykacj\u0119 konstrukcji przy wykorzystaniu trwa\u0142ych po\u0142\u0105cze\u0144 skr\u0119canych.<\/p>\n<p style=\"text-align: center;\">W\u0142a\u015bciwo\u015bci aluminium oraz spos\u00f3b zabezpieczenia jego powierzchni gwarantuj\u0105 wieloletni\u0105 odporno\u015b\u0107 na korozj\u0119.<\/p>\n<\/div>\n<\/div><\/div><\/div><\/div><\/div><div id=\"pg-2-5\"  class=\"panel-grid panel-has-style\" ><div class=\"right_column sekcja_z_tlem kontakt_section panel-row-style panel-row-style-for-2-5\" ><div id=\"pgc-2-5-0\"  class=\"panel-grid-cell\" ><div id=\"panel-2-5-0-0\" class=\"so-panel widget widget_text panel-first-child panel-last-child\" data-index=\"7\" >\t\t\t<div class=\"textwidget\"><iframe src=\"https:\/\/www.google.com\/maps\/embed?pb=!1m18!1m12!1m3!1d2523.4109939730797!2d19.05387261553873!3d50.767954379520404!2m3!1f0!2f0!3f0!3m2!1i1024!2i768!4f13.1!3m3!1m2!1s0x4710cb50201a20cf%3A0x913c89e93c2ec4f!2sAltoma.%20Hurtownia%20aluminium.%20Okiennice%20i%20ogrodzenia%20aluminiowe.!5e0!3m2!1spl!2spl!4v1617013638645!5m2!1spl!2spl\" style=\"width:100%;height:340px;border:0\" allowfullscreen><\/iframe><\/div>\n\t\t<\/div><\/div><div id=\"pgc-2-5-1\"  class=\"panel-grid-cell\" ><div id=\"panel-2-5-1-0\" class=\"so-panel widget widget_sow-editor panel-first-child panel-last-child\" data-index=\"8\" ><div\n\t\t\t\n\t\t\tclass=\"so-widget-sow-editor so-widget-sow-editor-base\"\n\t\t\t\n\t\t>\n<div class=\"siteorigin-widget-tinymce textwidget\">\n\t<h2>Skontaktuj si\u0119 z nami!<\/h2>\n<p>Zapraszamy firmy produkcyjne, biura sprzeda\u017cy, dealer\u00f3w, a tak\u017ce inwestor\u00f3w do kontaktu z nasz\u0105 firm\u0105, zar\u00f3wno drog\u0105 telefoniczn\u0105, jak i e-mailow\u0105.<\/p>\n<p><strong>ALTOMA Sp. z o.o.<\/strong><\/p>\n<p>ul. Kopalniana 10H<br \/>\n42-271 Cz\u0119stochowa - D\u017ab\u00f3w<\/p>\n<p>tel. 604 545 301<\/p>\n<p>e-mail: info@altoma.pl<\/p>\n<p><a target=\"_blank\" href=\"https:\/\/wizytowka.rzetelnafirma.pl\/QCIA51E7\" rel=\"nofollow\"><img decoding=\"async\" title=\"Kliknij i sprawd\u017a status certyfikatu\" alt=\"\" src=\"https:\/\/aktywnybaner.rzetelnafirma.pl\/ActiveBanner\/GetActiveBannerImage\/13\/QCIA51E7\" style=\"border:none;\"\/><\/a><\/p>\n<p>&nbsp;<\/p>\n<\/div>\n<\/div><\/div><\/div><\/div><\/div><\/div>","protected":false},"excerpt":{"rendered":"<p>ALTOMA \u2013 SYSTEMY PROFILI ALUMINIOWYCH okiennice \u2666 ogrodzenia \u2666 przegrody \u2666 panele 3D Jeste\u015b producentem ogrodze\u0144 aluminiowych? Chcesz rozpocz\u0105\u0107 tak\u0105 produkcj\u0119? A mo\u017ce chcesz wykona\u0107 takie ogrodzenie dla siebie lub swojego s\u0105siada? Nasz oferta jest skierowana w\u0142a\u015bnie do Ciebie. Dostarczymy<\/p>\n","protected":false},"author":1,"featured_media":0,"parent":0,"menu_order":0,"comment_status":"closed","ping_status":"closed","template":"","meta":{"footnotes":""},"class_list":["post-2","page","type-page","status-publish","hentry"],"_links":{"self":[{"href":"https:\/\/altoma.pl\/en\/wp-json\/wp\/v2\/pages\/2","targetHints":{"allow":["GET"]}}],"collection":[{"href":"https:\/\/altoma.pl\/en\/wp-json\/wp\/v2\/pages"}],"about":[{"href":"https:\/\/altoma.pl\/en\/wp-json\/wp\/v2\/types\/page"}],"author":[{"embeddable":true,"href":"https:\/\/altoma.pl\/en\/wp-json\/wp\/v2\/users\/1"}],"replies":[{"embeddable":true,"href":"https:\/\/altoma.pl\/en\/wp-json\/wp\/v2\/comments?post=2"}],"version-history":[{"count":88,"href":"https:\/\/altoma.pl\/en\/wp-json\/wp\/v2\/pages\/2\/revisions"}],"predecessor-version":[{"id":1733,"href":"https:\/\/altoma.pl\/en\/wp-json\/wp\/v2\/pages\/2\/revisions\/1733"}],"wp:attachment":[{"href":"https:\/\/altoma.pl\/en\/wp-json\/wp\/v2\/media?parent=2"}],"curies":[{"name":"wp","href":"https:\/\/api.w.org\/{rel}","templated":true}]}}