{"id":40,"date":"2018-10-02T09:09:42","date_gmt":"2018-10-02T07:09:42","guid":{"rendered":"http:\/\/serwer1641940.home.pl\/4555971\/?page_id=40"},"modified":"2025-05-21T12:44:16","modified_gmt":"2025-05-21T10:44:16","slug":"systemy-aluminiowe","status":"publish","type":"page","link":"https:\/\/altoma.pl\/en\/systemy-aluminiowe\/","title":{"rendered":"Oferta"},"content":{"rendered":"<div id=\"pl-40\"  class=\"panel-layout\" ><div id=\"pg-40-0\"  class=\"panel-grid panel-has-style\" ><div class=\"panel-row-style panel-row-style-for-40-0\" ><div id=\"pgc-40-0-0\"  class=\"panel-grid-cell\" ><div id=\"panel-40-0-0-0\" class=\"so-panel widget widget_sow-editor panel-first-child panel-last-child\" data-index=\"0\" ><div\n\t\t\t\n\t\t\tclass=\"so-widget-sow-editor so-widget-sow-editor-base\"\n\t\t\t\n\t\t>\n<div class=\"siteorigin-widget-tinymce textwidget\">\n\t<h1>Materia\u0142y do produkcji okiennic i ogrodze\u0144<\/h1>\n<p>Zapraszamy Pa\u0144stwa do zapoznania si\u0119 ze szczeg\u00f3\u0142ami naszej oferty, kt\u00f3r\u0105 kierujemy zar\u00f3wno do firm produkcyjnych, biur sprzeda\u017cy, jak i inwestor\u00f3w.<\/p>\n<\/div>\n<\/div><\/div><\/div><\/div><\/div><div id=\"pg-40-1\"  class=\"panel-grid panel-no-style\" ><div id=\"pgc-40-1-0\"  class=\"panel-grid-cell\" ><div id=\"panel-40-1-0-0\" class=\"so-panel widget widget_sow-headline panel-first-child panel-last-child\" data-index=\"1\" ><div\n\t\t\t\n\t\t\tclass=\"so-widget-sow-headline so-widget-sow-headline-default-ea0af4cf39ae-40\"\n\t\t\t\n\t\t><div class=\"sow-headline-container \">\n\t\t\t\t\t\t<div class=\"decoration\">\n\t\t\t\t\t\t<div class=\"decoration-inside\"><\/div>\n\t\t\t\t\t<\/div>\n\t\t\t\t\t<\/div>\n<\/div><\/div><\/div><\/div><div id=\"pg-40-2\"  class=\"panel-grid panel-has-style\" ><div class=\"panel-row-style panel-row-style-for-40-2\" ><div id=\"pgc-40-2-0\"  class=\"panel-grid-cell\" ><div id=\"panel-40-2-0-0\" class=\"so-panel widget widget_sow-editor panel-first-child panel-last-child\" data-index=\"2\" ><div\n\t\t\t\n\t\t\tclass=\"so-widget-sow-editor so-widget-sow-editor-base\"\n\t\t\t\n\t\t>\n<div class=\"siteorigin-widget-tinymce textwidget\">\n\t<h2>Oferta dla firm produkcyjnych<\/h2>\n<ul>\n<li>Dostarczamy technologi\u0119 i wiedz\u0119 na temat organizacji oraz przebiegu procesu produkcyjnego,<\/li>\n<li>Zapewniamy oprogramowanie wspomagaj\u0105ce proces ofertowania, kompletowania materia\u0142\u00f3w oraz produkcji,<\/li>\n<li>Dostarczamy niezb\u0119dne oprzyrz\u0105dowanie lub pomagamy w jego doborze,<\/li>\n<li>S\u0142u\u017cymy pomoc\u0105 projektow\u0105 w indywidualnych realizacjach,<\/li>\n<li>Zapewniamy kompleksowe dostawy materia\u0142\u00f3w potrzebnych do wykonywania konstrukcji okiennic \u2013 sta\u0142ych, rozwieranych, przesuwnych, oraz element\u00f3w ogrodze\u0144 \u2013 prz\u0119se\u0142, bram, furtek, s\u0142upk\u00f3w,<\/li>\n<li>Projektujemy na zlecenie naszych klient\u00f3w specjalne profile aluminiowe do rozmaitych zastosowa\u0144,<\/li>\n<li>Dystrybuujemy typowe i specjalne profile aluminiowe.<\/li>\n<\/ul>\n<\/div>\n<\/div><\/div><\/div><div id=\"pgc-40-2-1\"  class=\"panel-grid-cell\" ><div id=\"panel-40-2-1-0\" class=\"so-panel widget widget_sow-image panel-first-child panel-last-child\" data-index=\"3\" ><div\n\t\t\t\n\t\t\tclass=\"so-widget-sow-image so-widget-sow-image-default-a258e6bfa2d8-40\"\n\t\t\t\n\t\t>\n<div class=\"sow-image-container\">\n\t\t<img loading=\"lazy\" decoding=\"async\" src=\"https:\/\/altoma.pl\/wp-content\/uploads\/2021\/04\/20210430_145903-min-300x225.jpg\" width=\"300\" height=\"225\" srcset=\"https:\/\/altoma.pl\/wp-content\/uploads\/2021\/04\/20210430_145903-min-300x225.jpg 300w, https:\/\/altoma.pl\/wp-content\/uploads\/2021\/04\/20210430_145903-min-768x576.jpg 768w, https:\/\/altoma.pl\/wp-content\/uploads\/2021\/04\/20210430_145903-min-1024x768.jpg 1024w\" sizes=\"auto, (max-width: 300px) 100vw, 300px\" title=\"Lamele sta\u0142e i ruchome, deseczki, shuttersy\" alt=\"Lamele sta\u0142e i ruchome, deseczki, shuttersy\" \t\tclass=\"so-widget-image\"\/>\n\t<\/div>\n\n<\/div><\/div><\/div><\/div><\/div><div id=\"pg-40-3\"  class=\"panel-grid panel-no-style\" ><div id=\"pgc-40-3-0\"  class=\"panel-grid-cell\" ><div id=\"panel-40-3-0-0\" class=\"so-panel widget widget_sow-headline panel-first-child panel-last-child\" data-index=\"4\" ><div\n\t\t\t\n\t\t\tclass=\"so-widget-sow-headline so-widget-sow-headline-default-ea0af4cf39ae-40\"\n\t\t\t\n\t\t><div class=\"sow-headline-container \">\n\t\t\t\t\t\t<div class=\"decoration\">\n\t\t\t\t\t\t<div class=\"decoration-inside\"><\/div>\n\t\t\t\t\t<\/div>\n\t\t\t\t\t<\/div>\n<\/div><\/div><\/div><\/div><div id=\"pg-40-4\"  class=\"panel-grid panel-has-style\" ><div class=\"panel-row-style panel-row-style-for-40-4\" ><div id=\"pgc-40-4-0\"  class=\"panel-grid-cell\" ><div id=\"panel-40-4-0-0\" class=\"so-panel widget widget_sow-image panel-first-child panel-last-child\" data-index=\"5\" ><div\n\t\t\t\n\t\t\tclass=\"so-widget-sow-image so-widget-sow-image-default-c67d20f9f743-40\"\n\t\t\t\n\t\t>\n<div class=\"sow-image-container\">\n\t\t<img loading=\"lazy\" decoding=\"async\" src=\"https:\/\/altoma.pl\/wp-content\/uploads\/2018\/10\/oferta-300x225.jpg\" width=\"300\" height=\"225\" srcset=\"https:\/\/altoma.pl\/wp-content\/uploads\/2018\/10\/oferta-300x225.jpg 300w, https:\/\/altoma.pl\/wp-content\/uploads\/2018\/10\/oferta.jpg 600w\" sizes=\"auto, (max-width: 300px) 100vw, 300px\" title=\"Prz\u0119s\u0142a, bramy, furtki\" alt=\"Prz\u0119s\u0142a, bramy, furtki\" \t\tclass=\"so-widget-image\"\/>\n\t<\/div>\n\n<\/div><\/div><\/div><div id=\"pgc-40-4-1\"  class=\"panel-grid-cell\" ><div id=\"panel-40-4-1-0\" class=\"so-panel widget widget_sow-editor panel-first-child panel-last-child\" data-index=\"6\" ><div\n\t\t\t\n\t\t\tclass=\"so-widget-sow-editor so-widget-sow-editor-base\"\n\t\t\t\n\t\t>\n<div class=\"siteorigin-widget-tinymce textwidget\">\n\t<h2>Oferta dla biur sprzeda\u017cy, dealer\u00f3w, firm monta\u017cowych<\/h2>\n<ul>\n<li>Dostarczamy fachowej wiedzy na temat rynku aluminiowego oraz produkt\u00f3w b\u0119d\u0105cych w kr\u0119gu naszych zainteresowa\u0144,<\/li>\n<li>Zapewniamy oprogramowanie wspomagaj\u0105ce proces ofertowania i obs\u0142ugi klienta,<\/li>\n<li>Pomagamy w nawi\u0105zaniu kontaktu z producentami gotowych wyrob\u00f3w \u2013 okiennic i ogrodze\u0144 w naszych systemach,<\/li>\n<li>S\u0142u\u017cymy nasz\u0105 wiedz\u0105 \u2013 zapewniamy bie\u017c\u0105ca pomoc techniczn\u0105.<\/li>\n<\/ul>\n<\/div>\n<\/div><\/div><\/div><\/div><\/div><div id=\"pg-40-5\"  class=\"panel-grid panel-no-style\" ><div id=\"pgc-40-5-0\"  class=\"panel-grid-cell\" ><div id=\"panel-40-5-0-0\" class=\"so-panel widget widget_sow-headline panel-first-child panel-last-child\" data-index=\"7\" ><div\n\t\t\t\n\t\t\tclass=\"so-widget-sow-headline so-widget-sow-headline-default-ea0af4cf39ae-40\"\n\t\t\t\n\t\t><div class=\"sow-headline-container \">\n\t\t\t\t\t\t<div class=\"decoration\">\n\t\t\t\t\t\t<div class=\"decoration-inside\"><\/div>\n\t\t\t\t\t<\/div>\n\t\t\t\t\t<\/div>\n<\/div><\/div><\/div><\/div><div id=\"pg-40-6\"  class=\"panel-grid panel-has-style\" ><div class=\"panel-row-style panel-row-style-for-40-6\" ><div id=\"pgc-40-6-0\"  class=\"panel-grid-cell\" ><div id=\"panel-40-6-0-0\" class=\"so-panel widget widget_sow-editor panel-first-child panel-last-child\" data-index=\"8\" ><div\n\t\t\t\n\t\t\tclass=\"so-widget-sow-editor so-widget-sow-editor-base\"\n\t\t\t\n\t\t>\n<div class=\"siteorigin-widget-tinymce textwidget\">\n\t<h2>Oferta dla klient\u00f3w indywidualnych, inwestor\u00f3w<\/h2>\n<ul>\n<li>S\u0142u\u017cymy fachowym doradztwem w zakresie wyboru odpowiedniego dla Pa\u0144stwa produktu,<\/li>\n<li>Zapewniamy pomoc w wybraniu profesjonalnego, godnego zaufania partnera \u2013 producenta, dostawcy i monta\u017cysty gotowych konstrukcji,<\/li>\n<li>Czuwamy nad zapewnieniem najwy\u017cszej jako\u015bci naszych produkt\u00f3w.<\/li>\n<\/ul>\n<\/div>\n<\/div><\/div><\/div><div id=\"pgc-40-6-1\"  class=\"panel-grid-cell\" ><div id=\"panel-40-6-1-0\" class=\"so-panel widget widget_sow-image panel-first-child panel-last-child\" data-index=\"9\" ><div\n\t\t\t\n\t\t\tclass=\"so-widget-sow-image so-widget-sow-image-default-c67d20f9f743-40\"\n\t\t\t\n\t\t>\n<div class=\"sow-image-container\">\n\t\t<img loading=\"lazy\" decoding=\"async\" src=\"https:\/\/altoma.pl\/wp-content\/uploads\/2018\/10\/oferta-1-300x225.jpg\" width=\"300\" height=\"225\" sizes=\"auto, (max-width: 300px) 100vw, 300px\" title=\"Aluminiowe ogrodzenia\" alt=\"Aluminiowe ogrodzenia\" \t\tclass=\"so-widget-image\"\/>\n\t<\/div>\n\n<\/div><\/div><\/div><\/div><\/div><\/div>","protected":false},"excerpt":{"rendered":"<p>Materia\u0142y do produkcji okiennic i ogrodze\u0144 Zapraszamy Pa\u0144stwa do zapoznania si\u0119 ze szczeg\u00f3\u0142ami naszej oferty, kt\u00f3r\u0105 kierujemy zar\u00f3wno do firm produkcyjnych, biur sprzeda\u017cy, jak i inwestor\u00f3w.<\/p>\n","protected":false},"author":1,"featured_media":0,"parent":0,"menu_order":0,"comment_status":"closed","ping_status":"closed","template":"","meta":{"footnotes":""},"class_list":["post-40","page","type-page","status-publish","hentry"],"_links":{"self":[{"href":"https:\/\/altoma.pl\/en\/wp-json\/wp\/v2\/pages\/40","targetHints":{"allow":["GET"]}}],"collection":[{"href":"https:\/\/altoma.pl\/en\/wp-json\/wp\/v2\/pages"}],"about":[{"href":"https:\/\/altoma.pl\/en\/wp-json\/wp\/v2\/types\/page"}],"author":[{"embeddable":true,"href":"https:\/\/altoma.pl\/en\/wp-json\/wp\/v2\/users\/1"}],"replies":[{"embeddable":true,"href":"https:\/\/altoma.pl\/en\/wp-json\/wp\/v2\/comments?post=40"}],"version-history":[{"count":17,"href":"https:\/\/altoma.pl\/en\/wp-json\/wp\/v2\/pages\/40\/revisions"}],"predecessor-version":[{"id":1702,"href":"https:\/\/altoma.pl\/en\/wp-json\/wp\/v2\/pages\/40\/revisions\/1702"}],"wp:attachment":[{"href":"https:\/\/altoma.pl\/en\/wp-json\/wp\/v2\/media?parent=40"}],"curies":[{"name":"wp","href":"https:\/\/api.w.org\/{rel}","templated":true}]}}