{"id":42,"date":"2018-10-02T09:09:42","date_gmt":"2018-10-02T07:09:42","guid":{"rendered":"http:\/\/serwer1641940.home.pl\/4555971\/?page_id=42"},"modified":"2025-05-21T12:42:11","modified_gmt":"2025-05-21T10:42:11","slug":"okiennice","status":"publish","type":"page","link":"https:\/\/altoma.pl\/en\/okiennice\/","title":{"rendered":"Okiennice"},"content":{"rendered":"<div id=\"pl-42\"  class=\"panel-layout\" ><div id=\"pg-42-0\"  class=\"panel-grid panel-has-style\" ><div class=\"panel-row-style panel-row-style-for-42-0\" ><div id=\"pgc-42-0-0\"  class=\"panel-grid-cell\" ><div id=\"panel-42-0-0-0\" class=\"so-panel widget widget_sow-editor panel-first-child panel-last-child\" data-index=\"0\" ><div\n\t\t\t\n\t\t\tclass=\"so-widget-sow-editor so-widget-sow-editor-base\"\n\t\t\t\n\t\t>\n<div class=\"siteorigin-widget-tinymce textwidget\">\n\t<h1>Okiennice aluminiowe<\/h1>\n<p>Dostarczane przez nas materia\u0142y: profile, akcesoria i okucia umo\u017cliwiaj\u0105 wykonanie wielu typ\u00f3w okiennic o rozmaitych rodzajach wype\u0142nienia i funkcjach.<\/p>\n<p>Mo\u017cliwe s\u0105 warianty skrzyde\u0142 wsp\u00f3\u0142pracuj\u0105ce bezpo\u015brednio z otworem okiennym lub posiadaj\u0105ce o\u015bcie\u017cnic\u0119. Typy skrzyde\u0142 dopasowane s\u0105 do wymaga\u0144 rynk\u00f3w i przyzwyczaje\u0144 klient\u00f3w w r\u00f3\u017cnych krajach (Niemcy, Francja, W\u0142ochy). Wype\u0142nienie mog\u0105 stanowi\u0107 lamele sta\u0142e, lamele ruchome - <strong>deseczki ruchome<\/strong>, panele deskopodobne, panele z blachy itp. Mo\u017cliwe s\u0105 wszelkie kombinacje tych wype\u0142nie\u0144.<br \/>\nPrzewidziano mo\u017cliwo\u015b\u0107 wykonywania okiennic jedno-, dwu- i wieloskrzyd\u0142owych, o funkcjach rozwierania, sk\u0142adania, przesuwania, jak r\u00f3wnie\u017c sta\u0142e na\u015bcienne atrapy okiennic. Materia\u0142y dost\u0119pne s\u0105 w wyko\u0144czeniu obejmuj\u0105cym lakierowanie w palecie RAL, anodowanie oraz malowanie w kolorach drewnopodobnych. Prac\u0119 w systemie ALTOMA wspomaga oprogramowanie pozwalaj\u0105ce projektowa\u0107 konstrukcje, przygotowywa\u0107 oferty dla klient\u00f3w, zam\u00f3wienia materia\u0142owe oraz dokumentacj\u0119 produkcyjn\u0105.<\/p>\n<p>Wysok\u0105 kultur\u0119 technologiczn\u0105 zapewnia multiprasa systemowa wspomagaj\u0105ca obr\u00f3bk\u0119 profili.<\/p>\n<div id='gallery-1' class='gallery galleryid-42 gallery-columns-3 gallery-size-thumbnail'><figure class='gallery-item'>\n\t\t\t<div class='gallery-icon landscape'>\n\t\t\t\t<a href='https:\/\/altoma.pl\/wp-content\/uploads\/2019\/01\/abc1-2.jpg'><img loading=\"lazy\" decoding=\"async\" width=\"220\" height=\"160\" src=\"https:\/\/altoma.pl\/wp-content\/uploads\/2019\/01\/abc1-2-220x160.jpg\" class=\"attachment-thumbnail size-thumbnail\" alt=\"\" aria-describedby=\"gallery-1-378\" \/><\/a>\n\t\t\t<\/div>\n\t\t\t\t<figcaption class='wp-caption-text gallery-caption' id='gallery-1-378'>\n\t\t\t\tSkrzyd\u0142o proste, lamela sta\u0142a\n\t\t\t\t<\/figcaption><\/figure><figure class='gallery-item'>\n\t\t\t<div class='gallery-icon landscape'>\n\t\t\t\t<a href='https:\/\/altoma.pl\/wp-content\/uploads\/2018\/10\/przekr_1.jpg'><img loading=\"lazy\" decoding=\"async\" width=\"220\" height=\"160\" src=\"https:\/\/altoma.pl\/wp-content\/uploads\/2018\/10\/przekr_1-220x160.jpg\" class=\"attachment-thumbnail size-thumbnail\" alt=\"\" aria-describedby=\"gallery-1-185\" \/><\/a>\n\t\t\t<\/div>\n\t\t\t\t<figcaption class='wp-caption-text gallery-caption' id='gallery-1-185'>\n\t\t\t\tLamela sta\u0142a\n\t\t\t\t<\/figcaption><\/figure><figure class='gallery-item'>\n\t\t\t<div class='gallery-icon landscape'>\n\t\t\t\t<a href='https:\/\/altoma.pl\/wp-content\/uploads\/2019\/01\/20170920_154551.jpg'><img loading=\"lazy\" decoding=\"async\" width=\"220\" height=\"160\" src=\"https:\/\/altoma.pl\/wp-content\/uploads\/2019\/01\/20170920_154551-220x160.jpg\" class=\"attachment-thumbnail size-thumbnail\" alt=\"\" aria-describedby=\"gallery-1-379\" \/><\/a>\n\t\t\t<\/div>\n\t\t\t\t<figcaption class='wp-caption-text gallery-caption' id='gallery-1-379'>\n\t\t\t\tZamkni\u0119cia okiennic\n\t\t\t\t<\/figcaption><\/figure><figure class='gallery-item'>\n\t\t\t<div class='gallery-icon portrait'>\n\t\t\t\t<a href='https:\/\/altoma.pl\/wp-content\/uploads\/2019\/01\/lamele-ruchome.jpg'><img loading=\"lazy\" decoding=\"async\" width=\"220\" height=\"160\" src=\"https:\/\/altoma.pl\/wp-content\/uploads\/2019\/01\/lamele-ruchome-220x160.jpg\" class=\"attachment-thumbnail size-thumbnail\" alt=\"\" aria-describedby=\"gallery-1-377\" \/><\/a>\n\t\t\t<\/div>\n\t\t\t\t<figcaption class='wp-caption-text gallery-caption' id='gallery-1-377'>\n\t\t\t\tLamela ruchoma\n\t\t\t\t<\/figcaption><\/figure><figure class='gallery-item'>\n\t\t\t<div class='gallery-icon landscape'>\n\t\t\t\t<a href='https:\/\/altoma.pl\/wp-content\/uploads\/2019\/01\/Lamele-ruchome-zamkniecie.jpg'><img loading=\"lazy\" decoding=\"async\" width=\"220\" height=\"160\" src=\"https:\/\/altoma.pl\/wp-content\/uploads\/2019\/01\/Lamele-ruchome-zamkniecie-220x160.jpg\" class=\"attachment-thumbnail size-thumbnail\" alt=\"\" aria-describedby=\"gallery-1-410\" \/><\/a>\n\t\t\t<\/div>\n\t\t\t\t<figcaption class='wp-caption-text gallery-caption' id='gallery-1-410'>\n\t\t\t\tOkiennica drewnopodobna, lamele ruchome, \n\t\t\t\t<\/figcaption><\/figure><figure class='gallery-item'>\n\t\t\t<div class='gallery-icon landscape'>\n\t\t\t\t<a href='https:\/\/altoma.pl\/wp-content\/uploads\/2018\/10\/ALTOMA_program.jpg'><img loading=\"lazy\" decoding=\"async\" width=\"220\" height=\"160\" src=\"https:\/\/altoma.pl\/wp-content\/uploads\/2018\/10\/ALTOMA_program-220x160.jpg\" class=\"attachment-thumbnail size-thumbnail\" alt=\"\" aria-describedby=\"gallery-1-184\" \/><\/a>\n\t\t\t<\/div>\n\t\t\t\t<figcaption class='wp-caption-text gallery-caption' id='gallery-1-184'>\n\t\t\t\tProgram kalkulacyjny\n\t\t\t\t<\/figcaption><\/figure><figure class='gallery-item'>\n\t\t\t<div class='gallery-icon portrait'>\n\t\t\t\t<a href='https:\/\/altoma.pl\/wp-content\/uploads\/2019\/01\/Zamkni\u0119cie.jpg'><img loading=\"lazy\" decoding=\"async\" width=\"220\" height=\"160\" src=\"https:\/\/altoma.pl\/wp-content\/uploads\/2019\/01\/Zamkni\u0119cie-220x160.jpg\" class=\"attachment-thumbnail size-thumbnail\" alt=\"\" aria-describedby=\"gallery-1-412\" \/><\/a>\n\t\t\t<\/div>\n\t\t\t\t<figcaption class='wp-caption-text gallery-caption' id='gallery-1-412'>\n\t\t\t\tZamkni\u0119cie proste\n\t\t\t\t<\/figcaption><\/figure><figure class='gallery-item'>\n\t\t\t<div class='gallery-icon landscape'>\n\t\t\t\t<a href='https:\/\/altoma.pl\/wp-content\/uploads\/2018\/10\/przekr_2.jpg'><img loading=\"lazy\" decoding=\"async\" width=\"220\" height=\"160\" src=\"https:\/\/altoma.pl\/wp-content\/uploads\/2018\/10\/przekr_2-220x160.jpg\" class=\"attachment-thumbnail size-thumbnail\" alt=\"\" aria-describedby=\"gallery-1-186\" \/><\/a>\n\t\t\t<\/div>\n\t\t\t\t<figcaption class='wp-caption-text gallery-caption' id='gallery-1-186'>\n\t\t\t\tSkrzyd\u0142o wyk\u0142adane z o\u015bcie\u017cnic\u0105 renowacyjn\u0105\n\t\t\t\t<\/figcaption><\/figure><figure class='gallery-item'>\n\t\t\t<div class='gallery-icon landscape'>\n\t\t\t\t<a href='https:\/\/altoma.pl\/wp-content\/uploads\/2019\/01\/Zawias-wr\u0119bowy.jpg'><img loading=\"lazy\" decoding=\"async\" width=\"220\" height=\"160\" src=\"https:\/\/altoma.pl\/wp-content\/uploads\/2019\/01\/Zawias-wr\u0119bowy-220x160.jpg\" class=\"attachment-thumbnail size-thumbnail\" alt=\"\" aria-describedby=\"gallery-1-413\" \/><\/a>\n\t\t\t<\/div>\n\t\t\t\t<figcaption class='wp-caption-text gallery-caption' id='gallery-1-413'>\n\t\t\t\tSkrzyd\u0142o ozdobne z o\u015bcie\u017cnic\u0105 renowacyjn\u0105, zawias wr\u0119bowy\n\t\t\t\t<\/figcaption><\/figure>\n\t\t<\/div>\n\n<\/div>\n<\/div><\/div><\/div><div id=\"pgc-42-0-1\"  class=\"panel-grid-cell\" ><div id=\"panel-42-0-1-0\" class=\"so-panel widget widget_sow-image panel-first-child\" data-index=\"1\" ><div\n\t\t\t\n\t\t\tclass=\"so-widget-sow-image so-widget-sow-image-default-c67d20f9f743-42\"\n\t\t\t\n\t\t>\n<div class=\"sow-image-container\">\n\t\t<img loading=\"lazy\" decoding=\"async\" src=\"https:\/\/altoma.pl\/wp-content\/uploads\/2018\/10\/IMG-20171027-WA0001.jpg\" width=\"800\" height=\"450\" srcset=\"https:\/\/altoma.pl\/wp-content\/uploads\/2018\/10\/IMG-20171027-WA0001.jpg 800w, https:\/\/altoma.pl\/wp-content\/uploads\/2018\/10\/IMG-20171027-WA0001-300x169.jpg 300w, https:\/\/altoma.pl\/wp-content\/uploads\/2018\/10\/IMG-20171027-WA0001-768x432.jpg 768w\" sizes=\"auto, (max-width: 800px) 100vw, 800px\" title=\"Okiennice z lamelami\" alt=\"Okiennice z lamelami\" \t\tclass=\"so-widget-image\"\/>\n\t<\/div>\n\n<\/div><\/div><div id=\"panel-42-0-1-1\" class=\"so-panel widget widget_sow-image\" data-index=\"2\" ><div\n\t\t\t\n\t\t\tclass=\"so-widget-sow-image so-widget-sow-image-default-8b5b6f678277-42\"\n\t\t\t\n\t\t>\n<div class=\"sow-image-container\">\n\t\t<img loading=\"lazy\" decoding=\"async\" src=\"https:\/\/altoma.pl\/wp-content\/uploads\/2019\/01\/Okiennica-sk\u0142adana-lamele-ruchome-automatyka.jpg\" width=\"717\" height=\"889\" srcset=\"https:\/\/altoma.pl\/wp-content\/uploads\/2019\/01\/Okiennica-sk\u0142adana-lamele-ruchome-automatyka.jpg 717w, https:\/\/altoma.pl\/wp-content\/uploads\/2019\/01\/Okiennica-sk\u0142adana-lamele-ruchome-automatyka-242x300.jpg 242w\" sizes=\"auto, (max-width: 717px) 100vw, 717px\" title=\"Okiennice automatyczne\" alt=\"Aluminium drewnopodobne\" \t\tclass=\"so-widget-image\"\/>\n\t<\/div>\n\n<\/div><\/div><div id=\"panel-42-0-1-2\" class=\"so-panel widget widget_sow-image panel-last-child\" data-index=\"3\" ><div\n\t\t\t\n\t\t\tclass=\"so-widget-sow-image so-widget-sow-image-default-c67d20f9f743-42\"\n\t\t\t\n\t\t>\n<div class=\"sow-image-container\">\n\t\t<img loading=\"lazy\" decoding=\"async\" src=\"https:\/\/altoma.pl\/wp-content\/uploads\/2018\/10\/okiennice2.jpg\" width=\"800\" height=\"600\" srcset=\"https:\/\/altoma.pl\/wp-content\/uploads\/2018\/10\/okiennice2.jpg 800w, https:\/\/altoma.pl\/wp-content\/uploads\/2018\/10\/okiennice2-300x225.jpg 300w, https:\/\/altoma.pl\/wp-content\/uploads\/2018\/10\/okiennice2-768x576.jpg 768w\" sizes=\"auto, (max-width: 800px) 100vw, 800px\" title=\"Ruchome deseczki\" alt=\"Ruchome deseczki\" \t\tclass=\"so-widget-image\"\/>\n\t<\/div>\n\n<\/div><\/div><\/div><\/div><\/div><div id=\"pg-42-1\"  class=\"panel-grid panel-has-style\" ><div class=\"panel-row-style panel-row-style-for-42-1\" ><div id=\"pgc-42-1-0\"  class=\"panel-grid-cell\" ><div id=\"panel-42-1-0-0\" class=\"so-panel widget widget_sow-editor panel-first-child panel-last-child\" data-index=\"4\" ><div\n\t\t\t\n\t\t\tclass=\"so-widget-sow-editor so-widget-sow-editor-base\"\n\t\t\t\n\t\t>\n<div class=\"siteorigin-widget-tinymce textwidget\">\n\t<h2>W\u0141A\u015aCIWO\u015aCI<\/h2>\n<p>Zgodnie z wymaganiem okre\u015blenia w\u0142a\u015bciwo\u015bci u\u017cytkowych wyrob\u00f3w budowlanych obj\u0119tych Rozporz\u0105dzeniem Parlamentu Europejskiego i Rady (UE) nr 305\/2011, konieczne jest przeprowadzanie bada\u0144, kt\u00f3rych celem jest okre\u015blenie odporno\u015bci okiennic na obci\u0105\u017cenie wiatrem wg normy PN-EN 1932:2013, pt.: \"Zas\u0142ony zewn\u0119trzne i \u017caluzje. Odporno\u015b\u0107 na obci\u0105\u017cenie wiatrem. Metody bada\u0144 i kryteria osi\u0105g\u00f3w.\"<\/p>\n<p>W wyniku bada\u0144 przeprowadzonych w Laboratorium Techniki Budowlanej uzyskano najwy\u017csz\u0105 6 klas\u0119 wg PN-EN 13659+A1:2010. Stanowi to podstaw\u0119 do umieszczania na produktach ALTOMA znaku CE i wprowadzania ich na rynek europejski.<\/p>\n<\/div>\n<\/div><\/div><\/div><div id=\"pgc-42-1-1\"  class=\"panel-grid-cell\" ><div id=\"panel-42-1-1-0\" class=\"so-panel widget widget_sow-image panel-first-child panel-last-child\" data-index=\"5\" ><div\n\t\t\t\n\t\t\tclass=\"so-widget-sow-image so-widget-sow-image-default-8b5b6f678277-42\"\n\t\t\t\n\t\t>\n<div class=\"sow-image-container\">\n\t\t<img loading=\"lazy\" decoding=\"async\" src=\"https:\/\/altoma.pl\/wp-content\/uploads\/2019\/01\/Lamele-ruchome-768x1024.jpg\" width=\"700\" height=\"933\" srcset=\"https:\/\/altoma.pl\/wp-content\/uploads\/2019\/01\/Lamele-ruchome-768x1024.jpg 768w, https:\/\/altoma.pl\/wp-content\/uploads\/2019\/01\/Lamele-ruchome-225x300.jpg 225w, https:\/\/altoma.pl\/wp-content\/uploads\/2019\/01\/Lamele-ruchome.jpg 1239w\" sizes=\"auto, (max-width: 700px) 100vw, 700px\" title=\"Okiennica aluminiowa w wyko\u0144czeniu drewnopodobnym\" alt=\"Aluminium drewnopodobne\" \t\tclass=\"so-widget-image\"\/>\n\t<\/div>\n\n<\/div><\/div><\/div><\/div><\/div><\/div>","protected":false},"excerpt":{"rendered":"<p>Okiennice aluminiowe Dostarczane przez nas materia\u0142y: profile, akcesoria i okucia umo\u017cliwiaj\u0105 wykonanie wielu typ\u00f3w okiennic o rozmaitych rodzajach wype\u0142nienia i funkcjach. Mo\u017cliwe s\u0105 warianty skrzyde\u0142 wsp\u00f3\u0142pracuj\u0105ce bezpo\u015brednio z otworem okiennym lub posiadaj\u0105ce o\u015bcie\u017cnic\u0119. Typy skrzyde\u0142 dopasowane s\u0105 do wymaga\u0144 rynk\u00f3w<\/p>\n","protected":false},"author":1,"featured_media":0,"parent":0,"menu_order":0,"comment_status":"closed","ping_status":"closed","template":"","meta":{"footnotes":""},"class_list":["post-42","page","type-page","status-publish","hentry"],"_links":{"self":[{"href":"https:\/\/altoma.pl\/en\/wp-json\/wp\/v2\/pages\/42","targetHints":{"allow":["GET"]}}],"collection":[{"href":"https:\/\/altoma.pl\/en\/wp-json\/wp\/v2\/pages"}],"about":[{"href":"https:\/\/altoma.pl\/en\/wp-json\/wp\/v2\/types\/page"}],"author":[{"embeddable":true,"href":"https:\/\/altoma.pl\/en\/wp-json\/wp\/v2\/users\/1"}],"replies":[{"embeddable":true,"href":"https:\/\/altoma.pl\/en\/wp-json\/wp\/v2\/comments?post=42"}],"version-history":[{"count":20,"href":"https:\/\/altoma.pl\/en\/wp-json\/wp\/v2\/pages\/42\/revisions"}],"predecessor-version":[{"id":1701,"href":"https:\/\/altoma.pl\/en\/wp-json\/wp\/v2\/pages\/42\/revisions\/1701"}],"wp:attachment":[{"href":"https:\/\/altoma.pl\/en\/wp-json\/wp\/v2\/media?parent=42"}],"curies":[{"name":"wp","href":"https:\/\/api.w.org\/{rel}","templated":true}]}}