{"id":515,"date":"2019-03-03T18:41:49","date_gmt":"2019-03-03T17:41:49","guid":{"rendered":"https:\/\/altoma.pl\/?page_id=515"},"modified":"2019-04-07T08:42:20","modified_gmt":"2019-04-07T06:42:20","slug":"produkty","status":"publish","type":"page","link":"https:\/\/altoma.pl\/en\/produkty\/","title":{"rendered":"Produkty"},"content":{"rendered":"<h1 style=\"text-align: center;\">Oferujemy szereg system\u00f3w aluminiowych dla budownictwa:<\/h1>\n<h1><\/h1>\n<h1 style=\"text-align: center;\"><a href=\"https:\/\/altoma.pl\/okiennice\/\">okiennice<\/a>, <a href=\"https:\/\/altoma.pl\/ogrodzenia\">ogrodzenia<\/a>, <a href=\"https:\/\/altoma.pl\/altany-wiaty-carporty-aluminiowe\/\">altany<\/a>, balustrady<\/h1>\n<p>&nbsp;<\/p>\n<p>&nbsp;<\/p>\n<p>&nbsp;<\/p>\n<div id='gallery-1' class='gallery galleryid-515 gallery-columns-3 gallery-size-thumbnail'><figure class='gallery-item'>\n\t\t\t<div class='gallery-icon landscape'>\n\t\t\t\t<a href='https:\/\/altoma.pl\/wp-content\/uploads\/2019\/01\/abc1-2.jpg'><img loading=\"lazy\" decoding=\"async\" width=\"220\" height=\"160\" src=\"https:\/\/altoma.pl\/wp-content\/uploads\/2019\/01\/abc1-2-220x160.jpg\" class=\"attachment-thumbnail size-thumbnail\" alt=\"\" aria-describedby=\"gallery-1-378\" \/><\/a>\n\t\t\t<\/div>\n\t\t\t\t<figcaption class='wp-caption-text gallery-caption' id='gallery-1-378'>\n\t\t\t\tSkrzyd\u0142o proste, lamela sta\u0142a\n\t\t\t\t<\/figcaption><\/figure><figure class='gallery-item'>\n\t\t\t<div class='gallery-icon landscape'>\n\t\t\t\t<a href='https:\/\/altoma.pl\/wp-content\/uploads\/2018\/10\/przekr_1.jpg'><img loading=\"lazy\" decoding=\"async\" width=\"220\" height=\"160\" src=\"https:\/\/altoma.pl\/wp-content\/uploads\/2018\/10\/przekr_1-220x160.jpg\" class=\"attachment-thumbnail size-thumbnail\" alt=\"\" aria-describedby=\"gallery-1-185\" \/><\/a>\n\t\t\t<\/div>\n\t\t\t\t<figcaption class='wp-caption-text gallery-caption' id='gallery-1-185'>\n\t\t\t\tLamela sta\u0142a\n\t\t\t\t<\/figcaption><\/figure><figure class='gallery-item'>\n\t\t\t<div class='gallery-icon landscape'>\n\t\t\t\t<a href='https:\/\/altoma.pl\/wp-content\/uploads\/2019\/01\/20170920_154551.jpg'><img loading=\"lazy\" decoding=\"async\" width=\"220\" height=\"160\" src=\"https:\/\/altoma.pl\/wp-content\/uploads\/2019\/01\/20170920_154551-220x160.jpg\" class=\"attachment-thumbnail size-thumbnail\" alt=\"\" aria-describedby=\"gallery-1-379\" \/><\/a>\n\t\t\t<\/div>\n\t\t\t\t<figcaption class='wp-caption-text gallery-caption' id='gallery-1-379'>\n\t\t\t\tZamkni\u0119cia okiennic\n\t\t\t\t<\/figcaption><\/figure><figure class='gallery-item'>\n\t\t\t<div class='gallery-icon portrait'>\n\t\t\t\t<a href='https:\/\/altoma.pl\/wp-content\/uploads\/2019\/01\/lamele-ruchome.jpg'><img loading=\"lazy\" decoding=\"async\" width=\"220\" height=\"160\" src=\"https:\/\/altoma.pl\/wp-content\/uploads\/2019\/01\/lamele-ruchome-220x160.jpg\" class=\"attachment-thumbnail size-thumbnail\" alt=\"\" aria-describedby=\"gallery-1-377\" \/><\/a>\n\t\t\t<\/div>\n\t\t\t\t<figcaption class='wp-caption-text gallery-caption' id='gallery-1-377'>\n\t\t\t\tLamela ruchoma\n\t\t\t\t<\/figcaption><\/figure><figure class='gallery-item'>\n\t\t\t<div class='gallery-icon landscape'>\n\t\t\t\t<a href='https:\/\/altoma.pl\/wp-content\/uploads\/2019\/01\/Lamele-ruchome-zamkniecie.jpg'><img loading=\"lazy\" decoding=\"async\" width=\"220\" height=\"160\" src=\"https:\/\/altoma.pl\/wp-content\/uploads\/2019\/01\/Lamele-ruchome-zamkniecie-220x160.jpg\" class=\"attachment-thumbnail size-thumbnail\" alt=\"\" aria-describedby=\"gallery-1-410\" \/><\/a>\n\t\t\t<\/div>\n\t\t\t\t<figcaption class='wp-caption-text gallery-caption' id='gallery-1-410'>\n\t\t\t\tOkiennica drewnopodobna, lamele ruchome, \n\t\t\t\t<\/figcaption><\/figure><figure class='gallery-item'>\n\t\t\t<div class='gallery-icon landscape'>\n\t\t\t\t<a href='https:\/\/altoma.pl\/wp-content\/uploads\/2018\/10\/ALTOMA_program.jpg'><img loading=\"lazy\" decoding=\"async\" width=\"220\" height=\"160\" src=\"https:\/\/altoma.pl\/wp-content\/uploads\/2018\/10\/ALTOMA_program-220x160.jpg\" class=\"attachment-thumbnail size-thumbnail\" alt=\"\" aria-describedby=\"gallery-1-184\" \/><\/a>\n\t\t\t<\/div>\n\t\t\t\t<figcaption class='wp-caption-text gallery-caption' id='gallery-1-184'>\n\t\t\t\tProgram kalkulacyjny\n\t\t\t\t<\/figcaption><\/figure><figure class='gallery-item'>\n\t\t\t<div class='gallery-icon portrait'>\n\t\t\t\t<a href='https:\/\/altoma.pl\/wp-content\/uploads\/2019\/01\/Zamkni\u0119cie.jpg'><img loading=\"lazy\" decoding=\"async\" width=\"220\" height=\"160\" src=\"https:\/\/altoma.pl\/wp-content\/uploads\/2019\/01\/Zamkni\u0119cie-220x160.jpg\" class=\"attachment-thumbnail size-thumbnail\" alt=\"\" aria-describedby=\"gallery-1-412\" \/><\/a>\n\t\t\t<\/div>\n\t\t\t\t<figcaption class='wp-caption-text gallery-caption' id='gallery-1-412'>\n\t\t\t\tZamkni\u0119cie proste\n\t\t\t\t<\/figcaption><\/figure><figure class='gallery-item'>\n\t\t\t<div class='gallery-icon landscape'>\n\t\t\t\t<a href='https:\/\/altoma.pl\/wp-content\/uploads\/2018\/10\/przekr_2.jpg'><img loading=\"lazy\" decoding=\"async\" width=\"220\" height=\"160\" src=\"https:\/\/altoma.pl\/wp-content\/uploads\/2018\/10\/przekr_2-220x160.jpg\" class=\"attachment-thumbnail size-thumbnail\" alt=\"\" aria-describedby=\"gallery-1-186\" \/><\/a>\n\t\t\t<\/div>\n\t\t\t\t<figcaption class='wp-caption-text gallery-caption' id='gallery-1-186'>\n\t\t\t\tSkrzyd\u0142o wyk\u0142adane z o\u015bcie\u017cnic\u0105 renowacyjn\u0105\n\t\t\t\t<\/figcaption><\/figure><figure class='gallery-item'>\n\t\t\t<div class='gallery-icon landscape'>\n\t\t\t\t<a href='https:\/\/altoma.pl\/wp-content\/uploads\/2019\/01\/Zawias-wr\u0119bowy.jpg'><img loading=\"lazy\" decoding=\"async\" width=\"220\" height=\"160\" src=\"https:\/\/altoma.pl\/wp-content\/uploads\/2019\/01\/Zawias-wr\u0119bowy-220x160.jpg\" class=\"attachment-thumbnail size-thumbnail\" alt=\"\" aria-describedby=\"gallery-1-413\" \/><\/a>\n\t\t\t<\/div>\n\t\t\t\t<figcaption class='wp-caption-text gallery-caption' id='gallery-1-413'>\n\t\t\t\tSkrzyd\u0142o ozdobne z o\u015bcie\u017cnic\u0105 renowacyjn\u0105, zawias wr\u0119bowy\n\t\t\t\t<\/figcaption><\/figure>\n\t\t<\/div>\n\n<p>&nbsp;<\/p>\n<div id='gallery-2' class='gallery galleryid-515 gallery-columns-4 gallery-size-thumbnail'><figure class='gallery-item'>\n\t\t\t<div class='gallery-icon landscape'>\n\t\t\t\t<a href='https:\/\/altoma.pl\/wp-content\/uploads\/2019\/01\/Ogodzenia-1.jpg'><img loading=\"lazy\" decoding=\"async\" width=\"220\" height=\"160\" src=\"https:\/\/altoma.pl\/wp-content\/uploads\/2019\/01\/Ogodzenia-1-220x160.jpg\" class=\"attachment-thumbnail size-thumbnail\" alt=\"\" aria-describedby=\"gallery-2-392\" \/><\/a>\n\t\t\t<\/div>\n\t\t\t\t<figcaption class='wp-caption-text gallery-caption' id='gallery-2-392'>\n\t\t\t\tPrz\u0119s\u0142o aluminiowe\n\t\t\t\t<\/figcaption><\/figure><figure class='gallery-item'>\n\t\t\t<div class='gallery-icon portrait'>\n\t\t\t\t<a href='https:\/\/altoma.pl\/wp-content\/uploads\/2019\/01\/Z\u0142o\u017cenie-przes\u0142a-ogrodzeniowego.jpg'><img loading=\"lazy\" decoding=\"async\" width=\"220\" height=\"160\" src=\"https:\/\/altoma.pl\/wp-content\/uploads\/2019\/01\/Z\u0142o\u017cenie-przes\u0142a-ogrodzeniowego-220x160.jpg\" class=\"attachment-thumbnail size-thumbnail\" alt=\"\" aria-describedby=\"gallery-2-395\" \/><\/a>\n\t\t\t<\/div>\n\t\t\t\t<figcaption class='wp-caption-text gallery-caption' id='gallery-2-395'>\n\t\t\t\tZ\u0142o\u017cenie prz\u0119s\u0142a\n\t\t\t\t<\/figcaption><\/figure><figure class='gallery-item'>\n\t\t\t<div class='gallery-icon landscape'>\n\t\t\t\t<a href='https:\/\/altoma.pl\/wp-content\/uploads\/2018\/10\/przeslo1.jpg'><img loading=\"lazy\" decoding=\"async\" width=\"220\" height=\"160\" src=\"https:\/\/altoma.pl\/wp-content\/uploads\/2018\/10\/przeslo1-220x160.jpg\" class=\"attachment-thumbnail size-thumbnail\" alt=\"\" aria-describedby=\"gallery-2-194\" \/><\/a>\n\t\t\t<\/div>\n\t\t\t\t<figcaption class='wp-caption-text gallery-caption' id='gallery-2-194'>\n\t\t\t\tPrz\u0119s\u0142o panele pionowe\n\t\t\t\t<\/figcaption><\/figure><figure class='gallery-item'>\n\t\t\t<div class='gallery-icon landscape'>\n\t\t\t\t<a href='https:\/\/altoma.pl\/wp-content\/uploads\/2019\/01\/Szyna-bramy-przesuwnej.jpg'><img loading=\"lazy\" decoding=\"async\" width=\"220\" height=\"160\" src=\"https:\/\/altoma.pl\/wp-content\/uploads\/2019\/01\/Szyna-bramy-przesuwnej-220x160.jpg\" class=\"attachment-thumbnail size-thumbnail\" alt=\"\" aria-describedby=\"gallery-2-397\" \/><\/a>\n\t\t\t<\/div>\n\t\t\t\t<figcaption class='wp-caption-text gallery-caption' id='gallery-2-397'>\n\t\t\t\tSzyna bramy przesuwnej\n\t\t\t\t<\/figcaption><\/figure><figure class='gallery-item'>\n\t\t\t<div class='gallery-icon landscape'>\n\t\t\t\t<a href='https:\/\/altoma.pl\/wp-content\/uploads\/2019\/01\/Przes\u0142o-bezramowe-panel-200mm.jpg'><img loading=\"lazy\" decoding=\"async\" width=\"220\" height=\"160\" src=\"https:\/\/altoma.pl\/wp-content\/uploads\/2019\/01\/Przes\u0142o-bezramowe-panel-200mm-220x160.jpg\" class=\"attachment-thumbnail size-thumbnail\" alt=\"\" aria-describedby=\"gallery-2-396\" \/><\/a>\n\t\t\t<\/div>\n\t\t\t\t<figcaption class='wp-caption-text gallery-caption' id='gallery-2-396'>\n\t\t\t\tPrz\u0119s\u0142o bezramowe panel 200mm\n\t\t\t\t<\/figcaption><\/figure><figure class='gallery-item'>\n\t\t\t<div class='gallery-icon landscape'>\n\t\t\t\t<a href='https:\/\/altoma.pl\/wp-content\/uploads\/2018\/10\/Ogrodzenie1.jpg'><img loading=\"lazy\" decoding=\"async\" width=\"220\" height=\"160\" src=\"https:\/\/altoma.pl\/wp-content\/uploads\/2018\/10\/Ogrodzenie1-220x160.jpg\" class=\"attachment-thumbnail size-thumbnail\" alt=\"\" aria-describedby=\"gallery-2-198\" \/><\/a>\n\t\t\t<\/div>\n\t\t\t\t<figcaption class='wp-caption-text gallery-caption' id='gallery-2-198'>\n\t\t\t\tBrama i furtka &#8211; panel pe\u0142ny, a\u017cur\n\t\t\t\t<\/figcaption><\/figure><figure class='gallery-item'>\n\t\t\t<div class='gallery-icon portrait'>\n\t\t\t\t<a href='https:\/\/altoma.pl\/wp-content\/uploads\/2019\/04\/Balustrada-aluminiowa-2.jpg'><img loading=\"lazy\" decoding=\"async\" width=\"220\" height=\"160\" src=\"https:\/\/altoma.pl\/wp-content\/uploads\/2019\/04\/Balustrada-aluminiowa-2-220x160.jpg\" class=\"attachment-thumbnail size-thumbnail\" alt=\"\" \/><\/a>\n\t\t\t<\/div><\/figure><figure class='gallery-item'>\n\t\t\t<div class='gallery-icon portrait'>\n\t\t\t\t<a href='https:\/\/altoma.pl\/wp-content\/uploads\/2019\/04\/Furtka-aluminiowa-pochwyt-skrzynka-na-listy.jpg'><img loading=\"lazy\" decoding=\"async\" width=\"220\" height=\"160\" src=\"https:\/\/altoma.pl\/wp-content\/uploads\/2019\/04\/Furtka-aluminiowa-pochwyt-skrzynka-na-listy-220x160.jpg\" class=\"attachment-thumbnail size-thumbnail\" alt=\"\" \/><\/a>\n\t\t\t<\/div><\/figure><figure class='gallery-item'>\n\t\t\t<div class='gallery-icon landscape'>\n\t\t\t\t<a href='https:\/\/altoma.pl\/wp-content\/uploads\/2019\/04\/Furtka-aluminiowa-ga\u0142ko-klamka-skrzynka-na-listy.jpg'><img loading=\"lazy\" decoding=\"async\" width=\"220\" height=\"160\" src=\"https:\/\/altoma.pl\/wp-content\/uploads\/2019\/04\/Furtka-aluminiowa-ga\u0142ko-klamka-skrzynka-na-listy-220x160.jpg\" class=\"attachment-thumbnail size-thumbnail\" alt=\"\" \/><\/a>\n\t\t\t<\/div><\/figure><figure class='gallery-item'>\n\t\t\t<div class='gallery-icon landscape'>\n\t\t\t\t<a href='https:\/\/altoma.pl\/wp-content\/uploads\/2019\/04\/Aluminiowa-wiata-\u015bmietnikowa.jpg'><img loading=\"lazy\" decoding=\"async\" width=\"220\" height=\"160\" src=\"https:\/\/altoma.pl\/wp-content\/uploads\/2019\/04\/Aluminiowa-wiata-\u015bmietnikowa-220x160.jpg\" class=\"attachment-thumbnail size-thumbnail\" alt=\"\" \/><\/a>\n\t\t\t<\/div><\/figure><figure class='gallery-item'>\n\t\t\t<div class='gallery-icon landscape'>\n\t\t\t\t<a href='https:\/\/altoma.pl\/wp-content\/uploads\/2019\/04\/Aluminiowa-brama-przesuwna-profil-150mm.jpg'><img loading=\"lazy\" decoding=\"async\" width=\"220\" height=\"160\" src=\"https:\/\/altoma.pl\/wp-content\/uploads\/2019\/04\/Aluminiowa-brama-przesuwna-profil-150mm-220x160.jpg\" class=\"attachment-thumbnail size-thumbnail\" alt=\"\" \/><\/a>\n\t\t\t<\/div><\/figure>\n\t\t<\/div>\n\n","protected":false},"excerpt":{"rendered":"<p>Oferujemy szereg system\u00f3w aluminiowych dla budownictwa: okiennice, ogrodzenia, altany, balustrady &nbsp; &nbsp; &nbsp; &nbsp;<\/p>\n","protected":false},"author":2,"featured_media":0,"parent":0,"menu_order":0,"comment_status":"closed","ping_status":"closed","template":"","meta":{"footnotes":""},"class_list":["post-515","page","type-page","status-publish","hentry"],"_links":{"self":[{"href":"https:\/\/altoma.pl\/en\/wp-json\/wp\/v2\/pages\/515","targetHints":{"allow":["GET"]}}],"collection":[{"href":"https:\/\/altoma.pl\/en\/wp-json\/wp\/v2\/pages"}],"about":[{"href":"https:\/\/altoma.pl\/en\/wp-json\/wp\/v2\/types\/page"}],"author":[{"embeddable":true,"href":"https:\/\/altoma.pl\/en\/wp-json\/wp\/v2\/users\/2"}],"replies":[{"embeddable":true,"href":"https:\/\/altoma.pl\/en\/wp-json\/wp\/v2\/comments?post=515"}],"version-history":[{"count":13,"href":"https:\/\/altoma.pl\/en\/wp-json\/wp\/v2\/pages\/515\/revisions"}],"predecessor-version":[{"id":579,"href":"https:\/\/altoma.pl\/en\/wp-json\/wp\/v2\/pages\/515\/revisions\/579"}],"wp:attachment":[{"href":"https:\/\/altoma.pl\/en\/wp-json\/wp\/v2\/media?parent=515"}],"curies":[{"name":"wp","href":"https:\/\/api.w.org\/{rel}","templated":true}]}}