{"id":712,"date":"2019-08-06T13:53:54","date_gmt":"2019-08-06T11:53:54","guid":{"rendered":"https:\/\/altoma.pl\/?page_id=712"},"modified":"2024-12-17T13:18:11","modified_gmt":"2024-12-17T12:18:11","slug":"obowiazek-informacyjny","status":"publish","type":"page","link":"https:\/\/altoma.pl\/en\/obowiazek-informacyjny\/","title":{"rendered":"Obowi\u0105zek Informacyjny"},"content":{"rendered":"<h1>Obowi\u0105zek Informacyjny<\/h1>\n<p> Administratorem danych osobowych U\u017cytkownika udost\u0119pnionych za po\u015brednictwem formularza kontaktowego, czyli podmiotem decyduj\u0105cym o celach i sposobach ich przetwarzania, jest <strong> ALTOMA SP\u00d3\u0141KA Z OGRANICZON\u0104 ODPOWIEDZIALNO\u015aCI\u0104, Zawisna 138A, 42-260 Kamienica Polska, NIP 5732870157 <\/strong> <em>(dalej jako Administrator)<\/em>.<\/p>\n<p>Podane przez U\u017cytkownika w formularzu kontaktowym dane osobowe s\u0105 przetwarzane przez Administratora na podstawie zgody wyra\u017conej przez U\u017cytkownika, w rozumieniu art. 6 ust. 1 lit. a)Rozporz\u0105dzenia Parlamentu Europejskiego i Rady (UE) 2016\/679 z dnia 27 kwietnia 2016 r. w sprawie ochrony os\u00f3b fizycznych w zwi\u0105zku z przetwarzaniem danych osobowych i w sprawie swobodnego przep\u0142ywu takich danych oraz uchylenia dyrektywy 95\/46\/WE &#8211; zwanego dalej RODO. <\/p>\n<p>Podanie danych osobowych zawartych w formularzu kontaktowym jest dobrowolne. U\u017cytkownik ma prawo do cofni\u0119cia wyra\u017conej zgody w dowolnym momencie poprzez kontakt z Administratorem <strong> info@altoma.pl,<\/strong> bez wp\u0142ywu na zgodno\u015b\u0107 z prawem przetwarzania, kt\u00f3rego dokonano na podstawie zgody przed jej cofni\u0119ciem.<\/p>\n<p>U\u017cytkownikowi przys\u0142uguje prawo dost\u0119pu do swoich danych osobowych w ka\u017cdym czasie, ich sprostowania, usuni\u0119cia lub ograniczenia przetwarzania oraz prawo do wniesienia sprzeciwu wobec przetwarzania, a tak\u017ce prawo do przenoszenia danych.<\/p>\n<p>Administrator przetwarza dane osobowe U\u017cytkownika Serwisu w nast\u0119puj\u0105cych celach:<\/p>\n<ol>\n<li>Komunikacji z U\u017cytkownikiem, w szczeg\u00f3lno\u015bci obs\u0142ugi reklamacji dotycz\u0105cych produkt\u00f3w lub us\u0142ug Administratora;<\/li>\n<li>Umo\u017cliwienia U\u017cytkownikowi przesy\u0142ania komentarzy lub opinii dotycz\u0105cych produkt\u00f3w lub us\u0142ug Administratora.<\/li>\n<\/ol>\n<p>Administrator mo\u017ce przetwarza\u0107 dane osobowe U\u017cytkownika podane w formularzu kontaktowym r\u00f3wnie\u017c w nast\u0119puj\u0105cych celach:<\/p>\n<ol>\n<li>w celu zawarcia i realizacji ewentualnej umowy pomi\u0119dzy U\u017cytkownikiem a Administratorem oraz obs\u0142ugi U\u017cytkownika jako klienta Administratora zgodnie z art. 6 ust. 1 lit. b) RODO;<\/li>\n<li>w celu prowadzenia rozlicze\u0144 finansowych z U\u017cytkownikiem b\u0119d\u0105cym klientem Administratora tytu\u0142em realizacji ewentualnej umowy zawartej mi\u0119dzy stronami, a tak\u017ce ewentualnego dochodzenia roszcze\u0144 od U\u017cytkownika b\u0119d\u0105cego klientem w ramach prawnie uzasadnionego interesu Administratora zgodnie z art. 6 ust. 1 lit. f) RODO oraz spe\u0142nienia obowi\u0105zk\u00f3w prawnych Administratora wobec organ\u00f3w podatkowych na podstawie odr\u0119bnych przepis\u00f3w zgodnie z art. 6 ust. 1 lit. c) RODO;<\/li>\n<li>w celu realizacji dzia\u0142a\u0144 marketingowych Administratora w ramach prawnie uzasadnionego interesu Administratora w rozumieniu art. 6 ust. 1 lit. f) RODO, a tak\u017ce zgodnie z o\u015bwiadczeniami woli dotycz\u0105cymi komunikacji marketingowej z\u0142o\u017conymi wobec Administratora. Zgody udzielone w zakresie komunikacji marketingowej (np. na przesy\u0142anie informacji handlowych drog\u0105 elektroniczn\u0105 lub kontakt telefoniczny w celach marketingu bezpo\u015bredniego) mog\u0105 by\u0107 wycofane w dowolnym czasie, bez wp\u0142ywu na zgodno\u015b\u0107 z prawem przetwarzania, kt\u00f3rego dokonano na podstawie zgody przed jej cofni\u0119ciem;<\/li>\n<li>w celu realizacji obowi\u0105zk\u00f3w prawnych Administratora wobec U\u017cytkownika okre\u015blonych w RODO, w rozumieniu art. 6 ust. 1 lit. c) RODO.<\/li>\n<\/ol>\n<p>Wi\u0119cej informacji dotycz\u0105cych powy\u017cszych cel\u00f3w przetwarzania danych osobowych U\u017cytkownika znajduje si\u0119 w <a href=\"\/polityka-prywatnosci\">Polityce prywatno\u015bci<\/a> opublikowanej w Serwisie.<\/p>\n<p>Dane osobowe U\u017cytkownika nie s\u0105 przekazywane przez Administratora podmiotom trzecim.<\/p>\n<p>Administrator przechowuje dane osobowe przez taki okres, jaki jest konieczny do osi\u0105gni\u0119cia okre\u015blonych cel\u00f3w, tj.:<\/p>\n<ul>\n<li>w przypadku \u015bwiadczenia us\u0142ugi\/dostarczenia produktu na rzecz U\u017cytkownika &#8211; przez okres niezb\u0119dny dla realizacji przez Administratora zam\u00f3wionej us\u0142ugi b\u0105d\u017a dostarczenia produktu na rzecz U\u017cytkownika.<\/li>\n<\/ul>\n<p>W przypadku jakichkolwiek pyta\u0144 lub problem\u00f3w zwi\u0105zanych z przetwarzaniem danych osobowych nale\u017cy kontaktowa\u0107 si\u0119 z Administratorem pod nast\u0119puj\u0105cym adresem: <br \/><strong> Zawisna 138A 42-260 Kamienica Polska, info@altoma.pl. <\/strong> <\/p>\n<p>U\u017cytkownik ma prawo do wniesienia skargi do Prezesa Urz\u0119du Ochrony Danych Osobowych.<\/p>\n","protected":false},"excerpt":{"rendered":"<p>Obowi\u0105zek Informacyjny Administratorem danych osobowych U\u017cytkownika udost\u0119pnionych za po\u015brednictwem formularza kontaktowego, czyli podmiotem decyduj\u0105cym o celach i sposobach ich przetwarzania, jest ALTOMA SP\u00d3\u0141KA Z OGRANICZON\u0104 ODPOWIEDZIALNO\u015aCI\u0104, Zawisna 138A, 42-260 Kamienica Polska, NIP 5732870157 (dalej jako Administrator). Podane przez U\u017cytkownika w<\/p>\n","protected":false},"author":1,"featured_media":0,"parent":0,"menu_order":0,"comment_status":"closed","ping_status":"closed","template":"","meta":{"footnotes":""},"class_list":["post-712","page","type-page","status-publish","hentry"],"_links":{"self":[{"href":"https:\/\/altoma.pl\/en\/wp-json\/wp\/v2\/pages\/712","targetHints":{"allow":["GET"]}}],"collection":[{"href":"https:\/\/altoma.pl\/en\/wp-json\/wp\/v2\/pages"}],"about":[{"href":"https:\/\/altoma.pl\/en\/wp-json\/wp\/v2\/types\/page"}],"author":[{"embeddable":true,"href":"https:\/\/altoma.pl\/en\/wp-json\/wp\/v2\/users\/1"}],"replies":[{"embeddable":true,"href":"https:\/\/altoma.pl\/en\/wp-json\/wp\/v2\/comments?post=712"}],"version-history":[{"count":1,"href":"https:\/\/altoma.pl\/en\/wp-json\/wp\/v2\/pages\/712\/revisions"}],"predecessor-version":[{"id":714,"href":"https:\/\/altoma.pl\/en\/wp-json\/wp\/v2\/pages\/712\/revisions\/714"}],"wp:attachment":[{"href":"https:\/\/altoma.pl\/en\/wp-json\/wp\/v2\/media?parent=712"}],"curies":[{"name":"wp","href":"https:\/\/api.w.org\/{rel}","templated":true}]}}