{"id":8,"date":"2016-01-07T11:26:52","date_gmt":"2016-01-07T10:26:52","guid":{"rendered":"http:\/\/serwer1641940.home.pl\/4555971\/?page_id=8"},"modified":"2024-01-12T14:12:06","modified_gmt":"2024-01-12T13:12:06","slug":"kontakt","status":"publish","type":"page","link":"https:\/\/altoma.pl\/en\/kontakt\/","title":{"rendered":"Kontakt"},"content":{"rendered":"<div id=\"pl-8\"  class=\"panel-layout\" ><div id=\"pg-8-0\"  class=\"panel-grid panel-no-style\" ><div id=\"pgc-8-0-0\"  class=\"panel-grid-cell\" ><div id=\"panel-8-0-0-0\" class=\"so-panel widget widget_sow-editor panel-first-child panel-last-child\" data-index=\"0\" ><div\n\t\t\t\n\t\t\tclass=\"so-widget-sow-editor so-widget-sow-editor-base\"\n\t\t\t\n\t\t>\n<div class=\"siteorigin-widget-tinymce textwidget\">\n\t<h2>ALTOMA \u2013 okiennice i ogrodzenia aluminiowe<\/h2>\n<p>Zapraszamy wszystkich zainteresowanych ofert\u0105 naszej firmy do kontaktu. Czekamy na Pa\u0144stwa e-maile i telefony.<\/p>\n<p><strong>ALTOMA Sp. z o.o.<br \/>\n<\/strong>ul. Kopalniana 10H<br \/>\n42-271 Cz\u0119stochowa - D\u017ab\u00f3w<\/p>\n<p><strong>Handel<br \/>\n<\/strong><strong>Tomasz Sowa<\/strong><\/p>\n<p>tel. <a href=\"tel:604545301\">604 545 301<\/a><br \/>\n<a href=\"mailto:t.sowa@altoma.pl\">t.sowa@altoma.pl<\/a><\/p>\n<p><strong>Rozw\u00f3j System\u00f3w<br \/>\n<\/strong><strong>Tomasz Konopka<\/strong><\/p>\n<p>tel. <a href=\"tel:575337507\">575 337 507<\/a><br \/>\n<a href=\"mailto:t.konopka@altoma.pl\">t.konopka@altoma.pl<\/a><\/p>\n<p><strong>Wsparcie Techniczne<br \/>\n<\/strong><strong>Andrzej Sowa<\/strong><\/p>\n<p>tel. <a href=\"tel:660736886\">660 736 886<\/a><br \/>\n<a href=\"mailto:a.sowa@altoma.pl\">a.sowa@altoma.pl<\/a><\/p>\n<p><strong>Dzia\u0142 Ofertowania<br \/>\n<\/strong><strong>\u0141ukasz Skalski<\/strong><\/p>\n<p>tel. <a href=\"tel:570655734\">570 655 734<\/a><br \/>\n<a href=\"mailto:l.skalski@altoma.pl\">l.skalski@altoma.pl<\/a><\/p>\n<p>&nbsp;<\/p>\n<\/div>\n<\/div><\/div><\/div><div id=\"pgc-8-0-1\"  class=\"panel-grid-cell\" ><div id=\"panel-8-0-1-0\" class=\"so-panel widget widget_sow-editor panel-first-child\" data-index=\"1\" ><div\n\t\t\t\n\t\t\tclass=\"so-widget-sow-editor so-widget-sow-editor-base\"\n\t\t\t\n\t\t>\n<div class=\"siteorigin-widget-tinymce textwidget\">\n\t<h3>Formularz kontaktowy<\/h3>\n<div role=\"form\" class=\"wpcf7\" id=\"wpcf7-f5-o1\" lang=\"pl-PL\" dir=\"ltr\">\n<div class=\"screen-reader-response\"><\/div>\n<form action=\"\/en\/wp-json\/wp\/v2\/pages\/8#wpcf7-f5-o1\" method=\"post\" class=\"wpcf7-form\" novalidate=\"novalidate\">\n<div style=\"display: none;\">\n<input type=\"hidden\" name=\"_wpcf7\" value=\"5\" \/><br \/>\n<input type=\"hidden\" name=\"_wpcf7_version\" value=\"5.0.4\" \/><br \/>\n<input type=\"hidden\" name=\"_wpcf7_locale\" value=\"pl_PL\" \/><br \/>\n<input type=\"hidden\" name=\"_wpcf7_unit_tag\" value=\"wpcf7-f5-o1\" \/><br \/>\n<input type=\"hidden\" name=\"_wpcf7_container_post\" value=\"0\" \/>\n<\/div>\n<p><span class=\"wpcf7-form-control-wrap your-name\"><input type=\"text\" name=\"your-name\" value=\"\" size=\"40\" class=\"wpcf7-form-control wpcf7-text wpcf7-validates-as-required\" aria-required=\"true\" aria-invalid=\"false\" placeholder=\"Imi\u0119 i nazwisko (wymagane)\" \/><\/span> <\/p>\n<p><span class=\"wpcf7-form-control-wrap your-email\"><input type=\"email\" name=\"your-email\" value=\"\" size=\"40\" class=\"wpcf7-form-control wpcf7-text wpcf7-email wpcf7-validates-as-required wpcf7-validates-as-email\" aria-required=\"true\" aria-invalid=\"false\" placeholder=\"Adres email (wymagane)\" \/><\/span> <\/p>\n<p><span class=\"wpcf7-form-control-wrap your-subject\"><input type=\"text\" name=\"your-subject\" value=\"\" size=\"40\" class=\"wpcf7-form-control wpcf7-text\" aria-invalid=\"false\" placeholder=\"Temat\" \/><\/span> <\/p>\n<p><span class=\"wpcf7-form-control-wrap your-message\"><textarea name=\"your-message\" cols=\"40\" rows=\"10\" class=\"wpcf7-form-control wpcf7-textarea\" aria-invalid=\"false\" placeholder=\"Tre\u015b\u0107 wiadomo\u015bci\"><\/textarea><\/span> <\/p>\n<p><span class=\"wpcf7-form-control-wrap rodoz\"><span class=\"wpcf7-form-control wpcf7-acceptance\"><span class=\"wpcf7-list-item\"><input type=\"checkbox\" name=\"rodoz\" value=\"1\" aria-invalid=\"false\" \/><\/span><\/span><\/span><\/p>\n<div style=\"font-size: 12px; text-align: justify;\">Zapozna\u0142em si\u0119 z <a href=\"\/polityka-prywatnosci\">Polityk\u0105 prywatno\u015bci<\/a> serwisu <strong>www.altoma.pl<\/strong> oraz wyra\u017cam zgod\u0119 na przetwarzanie przez <strong> ALTOMA SP\u00d3\u0141KA Z OGRANICZON\u0104 ODPOWIEDZIALNO\u015aCI\u0104, Zawisna 138A 42-260 Kamienica Polska, <\/strong> udost\u0119pnionych przeze mnie danych osobowych na zasadach opisanych w <a href=\"\/polityka-prywatnosci\">Polityce prywatno\u015bci<\/a> dost\u0119pnej w Serwisie. O\u015bwiadczam, \u017ce s\u0105 mi znane cele przetwarzania danych oraz moje uprawnienia. Niniejsza zgoda mo\u017ce by\u0107 wycofana w dowolnym czasie poprzez kontakt z Administratorem pod adresem <strong>info@altoma.pl<\/strong>, bez wp\u0142ywu na zgodno\u015b\u0107 z prawem przetwarzania, kt\u00f3rego dokonano na podstawie zgody przed jej cofni\u0119ciem.<br \/>Wi\u0119cej informacji dotycz\u0105cych przetwarzania danych osobowych - <a href=\"\/obowiazek-informacyjny\">Obowi\u0105zek Informacyjny<\/a><\/div>\n<div class=\"wpcf7-form-control-wrap\">\n<div data-sitekey=\"6Lc8m3cUAAAAAL4ZixajpnGgD9XwgFYSKqkb201s\" class=\"wpcf7-form-control g-recaptcha wpcf7-recaptcha\"><\/div>\n<p><noscript><\/p>\n<div style=\"width: 302px; height: 422px;\">\n<div style=\"width: 302px; height: 422px; position: relative;\">\n<div style=\"width: 302px; height: 422px; position: absolute;\">\n\t\t\t\t<iframe src=\"https:\/\/www.google.com\/recaptcha\/api\/fallback?k=6Lc8m3cUAAAAAL4ZixajpnGgD9XwgFYSKqkb201s\" frameborder=\"0\" scrolling=\"no\" style=\"width: 302px; height:422px; border-style: none;\"><br \/>\n\t\t\t\t<\/iframe>\n\t\t\t<\/div>\n<div style=\"width: 300px; height: 60px; border-style: none; bottom: 12px; left: 25px; margin: 0px; padding: 0px; right: 25px; background: #f9f9f9; border: 1px solid #c1c1c1; border-radius: 3px;\">\n\t\t\t\t<textarea id=\"g-recaptcha-response\" name=\"g-recaptcha-response\" class=\"g-recaptcha-response\" style=\"width: 250px; height: 40px; border: 1px solid #c1c1c1; margin: 10px 25px; padding: 0px; resize: none;\"><br \/>\n\t\t\t\t<\/textarea>\n\t\t\t<\/div>\n<\/p><\/div>\n<\/p><\/div>\n<p><\/noscript>\n<\/div>\n<p style=\"text-align:right;\"><input type=\"submit\" value=\"Wy\u015blij\" class=\"wpcf7-form-control wpcf7-submit\" \/><\/p>\n<div class=\"wpcf7-response-output wpcf7-display-none\"><\/div>\n<\/form>\n<\/div>\n<\/div>\n<\/div><\/div><div id=\"panel-8-0-1-1\" class=\"so-panel widget widget_text panel-last-child\" data-index=\"2\" >\t\t\t<div class=\"textwidget\"><iframe src=\"https:\/\/www.google.com\/maps\/embed?pb=!1m18!1m12!1m3!1d2523.4109939730797!2d19.05387261553873!3d50.767954379520404!2m3!1f0!2f0!3f0!3m2!1i1024!2i768!4f13.1!3m3!1m2!1s0x4710cb50201a20cf%3A0x913c89e93c2ec4f!2sAltoma.%20Hurtownia%20aluminium.%20Okiennice%20i%20ogrodzenia%20aluminiowe.!5e0!3m2!1spl!2spl!4v1617013638645!5m2!1spl!2spl\" style=\"width:100%;height:300px;border:0\" allowfullscreen><\/iframe><\/div>\n\t\t<\/div><\/div><\/div><\/div>","protected":false},"excerpt":{"rendered":"<p>ALTOMA \u2013 okiennice i ogrodzenia aluminiowe Zapraszamy wszystkich zainteresowanych ofert\u0105 naszej firmy do kontaktu. Czekamy na Pa\u0144stwa e-maile i telefony. ALTOMA Sp. z o.o. ul. Kopalniana 10H 42-271 Cz\u0119stochowa &#8211; D\u017ab\u00f3w Handel Tomasz Sowa tel. 604 545 301 t.sowa@altoma.pl Rozw\u00f3j<\/p>\n","protected":false},"author":1,"featured_media":0,"parent":0,"menu_order":0,"comment_status":"closed","ping_status":"closed","template":"","meta":{"footnotes":""},"class_list":["post-8","page","type-page","status-publish","hentry"],"_links":{"self":[{"href":"https:\/\/altoma.pl\/en\/wp-json\/wp\/v2\/pages\/8","targetHints":{"allow":["GET"]}}],"collection":[{"href":"https:\/\/altoma.pl\/en\/wp-json\/wp\/v2\/pages"}],"about":[{"href":"https:\/\/altoma.pl\/en\/wp-json\/wp\/v2\/types\/page"}],"author":[{"embeddable":true,"href":"https:\/\/altoma.pl\/en\/wp-json\/wp\/v2\/users\/1"}],"replies":[{"embeddable":true,"href":"https:\/\/altoma.pl\/en\/wp-json\/wp\/v2\/comments?post=8"}],"version-history":[{"count":14,"href":"https:\/\/altoma.pl\/en\/wp-json\/wp\/v2\/pages\/8\/revisions"}],"predecessor-version":[{"id":1491,"href":"https:\/\/altoma.pl\/en\/wp-json\/wp\/v2\/pages\/8\/revisions\/1491"}],"wp:attachment":[{"href":"https:\/\/altoma.pl\/en\/wp-json\/wp\/v2\/media?parent=8"}],"curies":[{"name":"wp","href":"https:\/\/api.w.org\/{rel}","templated":true}]}}